{"id":938,"date":"2022-02-22T15:21:33","date_gmt":"2022-02-22T14:21:33","guid":{"rendered":"https:\/\/danielfortin.fr\/?page_id=938"},"modified":"2022-03-29T23:52:44","modified_gmt":"2022-03-29T21:52:44","slug":"running-man","status":"publish","type":"page","link":"https:\/\/danielfortin.fr\/index.php\/running-man\/","title":{"rendered":"Running Man"},"content":{"rendered":"\t\t<div data-elementor-type=\"wp-page\" data-elementor-id=\"938\" class=\"elementor elementor-938\">\n\t\t\t\t\t\t<section class=\"elementor-section elementor-top-section elementor-element elementor-element-9aaec54 elementor-section-boxed elementor-section-height-default elementor-section-height-default\" data-id=\"9aaec54\" data-element_type=\"section\" data-e-type=\"section\">\n\t\t\t\t\t\t<div class=\"elementor-container elementor-column-gap-default\">\n\t\t\t\t\t<div class=\"elementor-column elementor-col-50 elementor-top-column elementor-element elementor-element-2345dba\" data-id=\"2345dba\" data-element_type=\"column\" data-e-type=\"column\">\n\t\t\t<div class=\"elementor-widget-wrap elementor-element-populated\">\n\t\t\t\t\t\t<section class=\"elementor-section elementor-inner-section elementor-element elementor-element-33e5c78 elementor-section-boxed elementor-section-height-default elementor-section-height-default\" data-id=\"33e5c78\" data-element_type=\"section\" data-e-type=\"section\">\n\t\t\t\t\t\t<div class=\"elementor-container elementor-column-gap-default\">\n\t\t\t\t\t<div class=\"elementor-column elementor-col-50 elementor-inner-column elementor-element elementor-element-e8a56c3\" data-id=\"e8a56c3\" data-element_type=\"column\" data-e-type=\"column\">\n\t\t\t<div class=\"elementor-widget-wrap\">\n\t\t\t\t\t\t\t<\/div>\n\t\t<\/div>\n\t\t\t\t<div class=\"elementor-column elementor-col-50 elementor-inner-column elementor-element elementor-element-ee9f2a1\" data-id=\"ee9f2a1\" data-element_type=\"column\" data-e-type=\"column\">\n\t\t\t<div class=\"elementor-widget-wrap elementor-element-populated\">\n\t\t\t\t\t\t<div class=\"elementor-element elementor-element-f16bf16 elementor-widget elementor-widget-heading\" data-id=\"f16bf16\" data-element_type=\"widget\" data-e-type=\"widget\" data-widget_type=\"heading.default\">\n\t\t\t\t<div class=\"elementor-widget-container\">\n\t\t\t\t\t<h2 class=\"elementor-heading-title elementor-size-default\">Running Man<\/h2>\t\t\t\t<\/div>\n\t\t\t\t<\/div>\n\t\t\t\t<div class=\"elementor-element elementor-element-d7d6f4c elementor-widget elementor-widget-heading\" data-id=\"d7d6f4c\" data-element_type=\"widget\" data-e-type=\"widget\" data-widget_type=\"heading.default\">\n\t\t\t\t<div class=\"elementor-widget-container\">\n\t\t\t\t\t<h3 class=\"elementor-heading-title elementor-size-default\">Couverture de livre<\/h3>\t\t\t\t<\/div>\n\t\t\t\t<\/div>\n\t\t\t\t\t<\/div>\n\t\t<\/div>\n\t\t\t\t\t<\/div>\n\t\t<\/section>\n\t\t\t\t<section class=\"elementor-section elementor-inner-section elementor-element elementor-element-0afa240 elementor-section-boxed elementor-section-height-default elementor-section-height-default\" data-id=\"0afa240\" data-element_type=\"section\" data-e-type=\"section\">\n\t\t\t\t\t\t<div class=\"elementor-container elementor-column-gap-default\">\n\t\t\t\t\t<div class=\"elementor-column elementor-col-50 elementor-inner-column elementor-element elementor-element-9fd07e6\" data-id=\"9fd07e6\" data-element_type=\"column\" data-e-type=\"column\">\n\t\t\t<div class=\"elementor-widget-wrap elementor-element-populated\">\n\t\t\t\t\t\t<div class=\"elementor-element elementor-element-961d69f elementor-widget elementor-widget-heading\" data-id=\"961d69f\" data-element_type=\"widget\" data-e-type=\"widget\" data-widget_type=\"heading.default\">\n\t\t\t\t<div class=\"elementor-widget-container\">\n\t\t\t\t\t<h6 class=\"elementor-heading-title elementor-size-default\">Brief<\/h6>\t\t\t\t<\/div>\n\t\t\t\t<\/div>\n\t\t\t\t\t<\/div>\n\t\t<\/div>\n\t\t\t\t<div class=\"elementor-column elementor-col-50 elementor-inner-column elementor-element elementor-element-ade263e\" data-id=\"ade263e\" data-element_type=\"column\" data-e-type=\"column\">\n\t\t\t<div class=\"elementor-widget-wrap elementor-element-populated\">\n\t\t\t\t\t\t<div class=\"elementor-element elementor-element-1f51871 elementor-widget elementor-widget-text-editor\" data-id=\"1f51871\" data-element_type=\"widget\" data-e-type=\"widget\" data-widget_type=\"text-editor.default\">\n\t\t\t\t<div class=\"elementor-widget-container\">\n\t\t\t\t\t\t\t\t\t<p>R\u00e9aliser une couverture de livre format 180 mm x 110 mm et 15 mm de large pour le dos. La premi\u00e8re de couverture doit \u00eatre un travail essentiellement typographique.<\/p>\t\t\t\t\t\t\t\t<\/div>\n\t\t\t\t<\/div>\n\t\t\t\t\t<\/div>\n\t\t<\/div>\n\t\t\t\t\t<\/div>\n\t\t<\/section>\n\t\t\t\t<section class=\"elementor-section elementor-inner-section elementor-element elementor-element-8289143 elementor-section-boxed elementor-section-height-default elementor-section-height-default\" data-id=\"8289143\" data-element_type=\"section\" data-e-type=\"section\">\n\t\t\t\t\t\t<div class=\"elementor-container elementor-column-gap-default\">\n\t\t\t\t\t<div class=\"elementor-column elementor-col-50 elementor-inner-column elementor-element elementor-element-d35686d\" data-id=\"d35686d\" data-element_type=\"column\" data-e-type=\"column\">\n\t\t\t<div class=\"elementor-widget-wrap elementor-element-populated\">\n\t\t\t\t\t\t<div class=\"elementor-element elementor-element-b2b3011 elementor-widget elementor-widget-heading\" data-id=\"b2b3011\" data-element_type=\"widget\" data-e-type=\"widget\" data-widget_type=\"heading.default\">\n\t\t\t\t<div class=\"elementor-widget-container\">\n\t\t\t\t\t<h6 class=\"elementor-heading-title elementor-size-default\">Livrables<\/h6>\t\t\t\t<\/div>\n\t\t\t\t<\/div>\n\t\t\t\t\t<\/div>\n\t\t<\/div>\n\t\t\t\t<div class=\"elementor-column elementor-col-50 elementor-inner-column elementor-element elementor-element-563034b\" data-id=\"563034b\" data-element_type=\"column\" data-e-type=\"column\">\n\t\t\t<div class=\"elementor-widget-wrap elementor-element-populated\">\n\t\t\t\t\t\t<div class=\"elementor-element elementor-element-3c09b1d elementor-widget elementor-widget-text-editor\" data-id=\"3c09b1d\" data-element_type=\"widget\" data-e-type=\"widget\" data-widget_type=\"text-editor.default\">\n\t\t\t\t<div class=\"elementor-widget-container\">\n\t\t\t\t\t\t\t\t\t<p>Fichier pr\u00eat-\u00e0-l\u2019impression pour la premi\u00e8re de couverture, le dos et la quatri\u00e8me de couverture.<\/p>\t\t\t\t\t\t\t\t<\/div>\n\t\t\t\t<\/div>\n\t\t\t\t\t<\/div>\n\t\t<\/div>\n\t\t\t\t\t<\/div>\n\t\t<\/section>\n\t\t\t\t<section class=\"elementor-section elementor-inner-section elementor-element elementor-element-2a0e26c elementor-section-boxed elementor-section-height-default elementor-section-height-default\" data-id=\"2a0e26c\" data-element_type=\"section\" data-e-type=\"section\">\n\t\t\t\t\t\t<div class=\"elementor-container elementor-column-gap-default\">\n\t\t\t\t\t<div class=\"elementor-column elementor-col-50 elementor-inner-column elementor-element elementor-element-8f5859d\" data-id=\"8f5859d\" data-element_type=\"column\" data-e-type=\"column\">\n\t\t\t<div class=\"elementor-widget-wrap elementor-element-populated\">\n\t\t\t\t\t\t<div class=\"elementor-element elementor-element-0033897 elementor-widget elementor-widget-heading\" data-id=\"0033897\" data-element_type=\"widget\" data-e-type=\"widget\" data-widget_type=\"heading.default\">\n\t\t\t\t<div class=\"elementor-widget-container\">\n\t\t\t\t\t<h6 class=\"elementor-heading-title elementor-size-default\">Outils<\/h6>\t\t\t\t<\/div>\n\t\t\t\t<\/div>\n\t\t\t\t\t<\/div>\n\t\t<\/div>\n\t\t\t\t<div class=\"elementor-column elementor-col-50 elementor-inner-column elementor-element elementor-element-881cd0d\" data-id=\"881cd0d\" data-element_type=\"column\" data-e-type=\"column\">\n\t\t\t<div class=\"elementor-widget-wrap elementor-element-populated\">\n\t\t\t\t\t\t<div class=\"elementor-element elementor-element-bdb5aa4 elementor-widget elementor-widget-text-editor\" data-id=\"bdb5aa4\" data-element_type=\"widget\" data-e-type=\"widget\" data-widget_type=\"text-editor.default\">\n\t\t\t\t<div class=\"elementor-widget-container\">\n\t\t\t\t\t\t\t\t\t<p>Adobe Illustrator, Adobe InDesign<\/p>\t\t\t\t\t\t\t\t<\/div>\n\t\t\t\t<\/div>\n\t\t\t\t\t<\/div>\n\t\t<\/div>\n\t\t\t\t\t<\/div>\n\t\t<\/section>\n\t\t\t\t\t<\/div>\n\t\t<\/div>\n\t\t\t\t<div class=\"elementor-column elementor-col-50 elementor-top-column elementor-element elementor-element-3ec0175\" data-id=\"3ec0175\" data-element_type=\"column\" data-e-type=\"column\">\n\t\t\t<div class=\"elementor-widget-wrap\">\n\t\t\t\t\t\t\t<\/div>\n\t\t<\/div>\n\t\t\t\t\t<\/div>\n\t\t<\/section>\n\t\t\t\t<section class=\"elementor-section elementor-top-section elementor-element elementor-element-e7adac8 elementor-section-full_width elementor-section-height-default elementor-section-height-default\" data-id=\"e7adac8\" data-element_type=\"section\" data-e-type=\"section\">\n\t\t\t\t\t\t<div class=\"elementor-container elementor-column-gap-default\">\n\t\t\t\t\t<div class=\"elementor-column elementor-col-100 elementor-top-column elementor-element elementor-element-bf9cfad\" data-id=\"bf9cfad\" data-element_type=\"column\" data-e-type=\"column\">\n\t\t\t<div class=\"elementor-widget-wrap elementor-element-populated\">\n\t\t\t\t\t\t<div class=\"elementor-element elementor-element-18bb337 elementor-widget elementor-widget-image\" data-id=\"18bb337\" data-element_type=\"widget\" data-e-type=\"widget\" data-widget_type=\"image.default\">\n\t\t\t\t<div class=\"elementor-widget-container\">\n\t\t\t\t\t\t\t\t\t\t\t\t\t\t\t<img fetchpriority=\"high\" decoding=\"async\" width=\"2560\" height=\"1306\" src=\"https:\/\/danielfortin.fr\/wp-content\/uploads\/2022\/02\/RuuningMan_Mockup1_moinshaut-scaled.jpg\" class=\"attachment-full size-full wp-image-941\" alt=\"Mockup Running Man\" srcset=\"https:\/\/danielfortin.fr\/wp-content\/uploads\/2022\/02\/RuuningMan_Mockup1_moinshaut-scaled.jpg 2560w, https:\/\/danielfortin.fr\/wp-content\/uploads\/2022\/02\/RuuningMan_Mockup1_moinshaut-300x153.jpg 300w, https:\/\/danielfortin.fr\/wp-content\/uploads\/2022\/02\/RuuningMan_Mockup1_moinshaut-1024x522.jpg 1024w, https:\/\/danielfortin.fr\/wp-content\/uploads\/2022\/02\/RuuningMan_Mockup1_moinshaut-768x392.jpg 768w, https:\/\/danielfortin.fr\/wp-content\/uploads\/2022\/02\/RuuningMan_Mockup1_moinshaut-1536x783.jpg 1536w, https:\/\/danielfortin.fr\/wp-content\/uploads\/2022\/02\/RuuningMan_Mockup1_moinshaut-2048x1044.jpg 2048w\" sizes=\"(max-width: 2560px) 100vw, 2560px\" \/>\t\t\t\t\t\t\t\t\t\t\t\t\t\t\t<\/div>\n\t\t\t\t<\/div>\n\t\t\t\t\t<\/div>\n\t\t<\/div>\n\t\t\t\t\t<\/div>\n\t\t<\/section>\n\t\t\t\t<section class=\"elementor-section elementor-top-section elementor-element elementor-element-e11a21d elementor-section-full_width elementor-section-height-default elementor-section-height-default\" data-id=\"e11a21d\" data-element_type=\"section\" data-e-type=\"section\" data-settings=\"{&quot;background_background&quot;:&quot;classic&quot;}\">\n\t\t\t\t\t\t<div class=\"elementor-container elementor-column-gap-default\">\n\t\t\t\t\t<div class=\"elementor-column elementor-col-100 elementor-top-column elementor-element elementor-element-7929246\" data-id=\"7929246\" data-element_type=\"column\" data-e-type=\"column\">\n\t\t\t<div class=\"elementor-widget-wrap elementor-element-populated\">\n\t\t\t\t\t\t<div class=\"elementor-element elementor-element-a3827fb elementor-widget-divider--view-line elementor-widget elementor-widget-divider\" data-id=\"a3827fb\" data-element_type=\"widget\" data-e-type=\"widget\" data-widget_type=\"divider.default\">\n\t\t\t\t<div class=\"elementor-widget-container\">\n\t\t\t\t\t\t\t<div class=\"elementor-divider\">\n\t\t\t<span class=\"elementor-divider-separator\">\n\t\t\t\t\t\t<\/span>\n\t\t<\/div>\n\t\t\t\t\t\t<\/div>\n\t\t\t\t<\/div>\n\t\t\t\t<section class=\"elementor-section elementor-inner-section elementor-element elementor-element-5d0dc5a elementor-section-boxed elementor-section-height-default elementor-section-height-default\" data-id=\"5d0dc5a\" data-element_type=\"section\" data-e-type=\"section\">\n\t\t\t\t\t\t<div class=\"elementor-container elementor-column-gap-default\">\n\t\t\t\t\t<div class=\"elementor-column elementor-col-33 elementor-inner-column elementor-element elementor-element-985b1ee\" data-id=\"985b1ee\" data-element_type=\"column\" data-e-type=\"column\">\n\t\t\t<div class=\"elementor-widget-wrap elementor-element-populated\">\n\t\t\t\t\t\t<div class=\"elementor-element elementor-element-15cc2d1 elementor-align-left elementor-widget elementor-widget-button\" data-id=\"15cc2d1\" data-element_type=\"widget\" data-e-type=\"widget\" data-widget_type=\"button.default\">\n\t\t\t\t<div class=\"elementor-widget-container\">\n\t\t\t\t\t\t\t\t\t<div class=\"elementor-button-wrapper\">\n\t\t\t\t\t<a class=\"elementor-button elementor-button-link elementor-size-xl\" href=\"\/index.php\/presentation\/\">\n\t\t\t\t\t\t<span class=\"elementor-button-content-wrapper\">\n\t\t\t\t\t\t<span class=\"elementor-button-icon\">\n\t\t\t\t<i aria-hidden=\"true\" class=\"fas fa-user\"><\/i>\t\t\t<\/span>\n\t\t\t\t\t\t\t\t\t<span class=\"elementor-button-text\">Pr\u00e9sentation<\/span>\n\t\t\t\t\t<\/span>\n\t\t\t\t\t<\/a>\n\t\t\t\t<\/div>\n\t\t\t\t\t\t\t\t<\/div>\n\t\t\t\t<\/div>\n\t\t\t\t\t<\/div>\n\t\t<\/div>\n\t\t\t\t<div class=\"elementor-column elementor-col-33 elementor-inner-column elementor-element elementor-element-ffd59d9\" data-id=\"ffd59d9\" data-element_type=\"column\" data-e-type=\"column\">\n\t\t\t<div class=\"elementor-widget-wrap elementor-element-populated\">\n\t\t\t\t\t\t<div class=\"elementor-element elementor-element-5aa701e elementor-align-center elementor-widget elementor-widget-button\" data-id=\"5aa701e\" data-element_type=\"widget\" data-e-type=\"widget\" data-widget_type=\"button.default\">\n\t\t\t\t<div class=\"elementor-widget-container\">\n\t\t\t\t\t\t\t\t\t<div class=\"elementor-button-wrapper\">\n\t\t\t\t\t<a class=\"elementor-button elementor-button-link elementor-size-xl\" href=\"\/index.php\/portfolio\/\">\n\t\t\t\t\t\t<span class=\"elementor-button-content-wrapper\">\n\t\t\t\t\t\t<span class=\"elementor-button-icon\">\n\t\t\t\t<i aria-hidden=\"true\" class=\"fas fa-book-open\"><\/i>\t\t\t<\/span>\n\t\t\t\t\t\t\t\t\t<span class=\"elementor-button-text\">Portfolio<\/span>\n\t\t\t\t\t<\/span>\n\t\t\t\t\t<\/a>\n\t\t\t\t<\/div>\n\t\t\t\t\t\t\t\t<\/div>\n\t\t\t\t<\/div>\n\t\t\t\t\t<\/div>\n\t\t<\/div>\n\t\t\t\t<div class=\"elementor-column elementor-col-33 elementor-inner-column elementor-element elementor-element-164dff5\" data-id=\"164dff5\" data-element_type=\"column\" data-e-type=\"column\">\n\t\t\t<div class=\"elementor-widget-wrap elementor-element-populated\">\n\t\t\t\t\t\t<div class=\"elementor-element elementor-element-c565d8b elementor-align-right elementor-widget elementor-widget-button\" data-id=\"c565d8b\" data-element_type=\"widget\" data-e-type=\"widget\" data-widget_type=\"button.default\">\n\t\t\t\t<div class=\"elementor-widget-container\">\n\t\t\t\t\t\t\t\t\t<div class=\"elementor-button-wrapper\">\n\t\t\t\t\t<a class=\"elementor-button elementor-button-link elementor-size-xl\" href=\"\/index.php\/contact\/\">\n\t\t\t\t\t\t<span class=\"elementor-button-content-wrapper\">\n\t\t\t\t\t\t<span class=\"elementor-button-icon\">\n\t\t\t\t<i aria-hidden=\"true\" class=\"fas fa-envelope-open\"><\/i>\t\t\t<\/span>\n\t\t\t\t\t\t\t\t\t<span class=\"elementor-button-text\">Contact<\/span>\n\t\t\t\t\t<\/span>\n\t\t\t\t\t<\/a>\n\t\t\t\t<\/div>\n\t\t\t\t\t\t\t\t<\/div>\n\t\t\t\t<\/div>\n\t\t\t\t\t<\/div>\n\t\t<\/div>\n\t\t\t\t\t<\/div>\n\t\t<\/section>\n\t\t\t\t\t<\/div>\n\t\t<\/div>\n\t\t\t\t\t<\/div>\n\t\t<\/section>\n\t\t\t\t<\/div>\n\t\t","protected":false},"excerpt":{"rendered":"<p>Running Man Couverture de livre Brief R\u00e9aliser une couverture de livre format 180 mm x 110 mm et 15 mm de large pour le dos. La premi\u00e8re de couverture doit \u00eatre un travail essentiellement typographique. Livrables Fichier pr\u00eat-\u00e0-l\u2019impression pour la premi\u00e8re de couverture, le dos et la quatri\u00e8me de couverture. Outils Adobe Illustrator, Adobe InDesign&#8230;<\/p>\n","protected":false},"author":1,"featured_media":0,"parent":0,"menu_order":0,"comment_status":"closed","ping_status":"closed","template":"","meta":{"_kad_post_transparent":"","_kad_post_title":"hide","_kad_post_layout":"fullwidth","_kad_post_sidebar_id":"","_kad_post_content_style":"unboxed","_kad_post_vertical_padding":"hide","_kad_post_feature":"hide","_kad_post_feature_position":"","_kad_post_header":false,"_kad_post_footer":false,"footnotes":""},"class_list":["post-938","page","type-page","status-publish","hentry"],"yoast_head":"<!-- This site is optimized with the Yoast SEO plugin v27.4 - https:\/\/yoast.com\/product\/yoast-seo-wordpress\/ -->\n<title>Running Man - Daniel Fortin Design<\/title>\n<meta name=\"robots\" content=\"index, follow, max-snippet:-1, max-image-preview:large, max-video-preview:-1\" \/>\n<link rel=\"canonical\" href=\"https:\/\/danielfortin.fr\/index.php\/running-man\/\" \/>\n<meta property=\"og:locale\" content=\"fr_FR\" \/>\n<meta property=\"og:type\" content=\"article\" \/>\n<meta property=\"og:title\" content=\"Running Man - Daniel Fortin Design\" \/>\n<meta property=\"og:description\" content=\"Running Man Couverture de livre Brief R\u00e9aliser une couverture de livre format 180 mm x 110 mm et 15 mm de large pour le dos. La premi\u00e8re de couverture doit \u00eatre un travail essentiellement typographique. Livrables Fichier pr\u00eat-\u00e0-l\u2019impression pour la premi\u00e8re de couverture, le dos et la quatri\u00e8me de couverture. Outils Adobe Illustrator, Adobe InDesign...\" \/>\n<meta property=\"og:url\" content=\"https:\/\/danielfortin.fr\/index.php\/running-man\/\" \/>\n<meta property=\"og:site_name\" content=\"Daniel Fortin Design\" \/>\n<meta property=\"article:modified_time\" content=\"2022-03-29T21:52:44+00:00\" \/>\n<meta property=\"og:image\" content=\"https:\/\/danielfortin.fr\/wp-content\/uploads\/2022\/02\/RuuningMan_Mockup1_moinshaut-scaled.jpg\" \/>\n<meta name=\"twitter:card\" content=\"summary_large_image\" \/>\n<meta name=\"twitter:label1\" content=\"Dur\u00e9e de lecture estim\u00e9e\" \/>\n\t<meta name=\"twitter:data1\" content=\"1 minute\" \/>\n<script type=\"application\/ld+json\" class=\"yoast-schema-graph\">{\"@context\":\"https:\\\/\\\/schema.org\",\"@graph\":[{\"@type\":\"WebPage\",\"@id\":\"https:\\\/\\\/danielfortin.fr\\\/index.php\\\/running-man\\\/\",\"url\":\"https:\\\/\\\/danielfortin.fr\\\/index.php\\\/running-man\\\/\",\"name\":\"Running Man - Daniel Fortin Design\",\"isPartOf\":{\"@id\":\"https:\\\/\\\/danielfortin.fr\\\/#website\"},\"primaryImageOfPage\":{\"@id\":\"https:\\\/\\\/danielfortin.fr\\\/index.php\\\/running-man\\\/#primaryimage\"},\"image\":{\"@id\":\"https:\\\/\\\/danielfortin.fr\\\/index.php\\\/running-man\\\/#primaryimage\"},\"thumbnailUrl\":\"https:\\\/\\\/danielfortin.fr\\\/wp-content\\\/uploads\\\/2022\\\/02\\\/RuuningMan_Mockup1_moinshaut-scaled.jpg\",\"datePublished\":\"2022-02-22T14:21:33+00:00\",\"dateModified\":\"2022-03-29T21:52:44+00:00\",\"breadcrumb\":{\"@id\":\"https:\\\/\\\/danielfortin.fr\\\/index.php\\\/running-man\\\/#breadcrumb\"},\"inLanguage\":\"fr-FR\",\"potentialAction\":[{\"@type\":\"ReadAction\",\"target\":[\"https:\\\/\\\/danielfortin.fr\\\/index.php\\\/running-man\\\/\"]}]},{\"@type\":\"ImageObject\",\"inLanguage\":\"fr-FR\",\"@id\":\"https:\\\/\\\/danielfortin.fr\\\/index.php\\\/running-man\\\/#primaryimage\",\"url\":\"https:\\\/\\\/danielfortin.fr\\\/wp-content\\\/uploads\\\/2022\\\/02\\\/RuuningMan_Mockup1_moinshaut-scaled.jpg\",\"contentUrl\":\"https:\\\/\\\/danielfortin.fr\\\/wp-content\\\/uploads\\\/2022\\\/02\\\/RuuningMan_Mockup1_moinshaut-scaled.jpg\",\"width\":2560,\"height\":1306,\"caption\":\"Mockup Running Man\"},{\"@type\":\"BreadcrumbList\",\"@id\":\"https:\\\/\\\/danielfortin.fr\\\/index.php\\\/running-man\\\/#breadcrumb\",\"itemListElement\":[{\"@type\":\"ListItem\",\"position\":1,\"name\":\"Accueil\",\"item\":\"https:\\\/\\\/danielfortin.fr\\\/\"},{\"@type\":\"ListItem\",\"position\":2,\"name\":\"Running Man\"}]},{\"@type\":\"WebSite\",\"@id\":\"https:\\\/\\\/danielfortin.fr\\\/#website\",\"url\":\"https:\\\/\\\/danielfortin.fr\\\/\",\"name\":\"Daniel Fortin Design\",\"description\":\"Graphisme\",\"publisher\":{\"@id\":\"https:\\\/\\\/danielfortin.fr\\\/#organization\"},\"potentialAction\":[{\"@type\":\"SearchAction\",\"target\":{\"@type\":\"EntryPoint\",\"urlTemplate\":\"https:\\\/\\\/danielfortin.fr\\\/?s={search_term_string}\"},\"query-input\":{\"@type\":\"PropertyValueSpecification\",\"valueRequired\":true,\"valueName\":\"search_term_string\"}}],\"inLanguage\":\"fr-FR\"},{\"@type\":\"Organization\",\"@id\":\"https:\\\/\\\/danielfortin.fr\\\/#organization\",\"name\":\"Daniel Fortin Design\",\"url\":\"https:\\\/\\\/danielfortin.fr\\\/\",\"logo\":{\"@type\":\"ImageObject\",\"inLanguage\":\"fr-FR\",\"@id\":\"https:\\\/\\\/danielfortin.fr\\\/#\\\/schema\\\/logo\\\/image\\\/\",\"url\":\"https:\\\/\\\/danielfortin.fr\\\/wp-content\\\/uploads\\\/2022\\\/02\\\/Logo-Daniel-Fortin-Alpha.png\",\"contentUrl\":\"https:\\\/\\\/danielfortin.fr\\\/wp-content\\\/uploads\\\/2022\\\/02\\\/Logo-Daniel-Fortin-Alpha.png\",\"width\":339,\"height\":164,\"caption\":\"Daniel Fortin Design\"},\"image\":{\"@id\":\"https:\\\/\\\/danielfortin.fr\\\/#\\\/schema\\\/logo\\\/image\\\/\"}}]}<\/script>\n<!-- \/ Yoast SEO plugin. -->","yoast_head_json":{"title":"Running Man - Daniel Fortin Design","robots":{"index":"index","follow":"follow","max-snippet":"max-snippet:-1","max-image-preview":"max-image-preview:large","max-video-preview":"max-video-preview:-1"},"canonical":"https:\/\/danielfortin.fr\/index.php\/running-man\/","og_locale":"fr_FR","og_type":"article","og_title":"Running Man - Daniel Fortin Design","og_description":"Running Man Couverture de livre Brief R\u00e9aliser une couverture de livre format 180 mm x 110 mm et 15 mm de large pour le dos. La premi\u00e8re de couverture doit \u00eatre un travail essentiellement typographique. Livrables Fichier pr\u00eat-\u00e0-l\u2019impression pour la premi\u00e8re de couverture, le dos et la quatri\u00e8me de couverture. Outils Adobe Illustrator, Adobe InDesign...","og_url":"https:\/\/danielfortin.fr\/index.php\/running-man\/","og_site_name":"Daniel Fortin Design","article_modified_time":"2022-03-29T21:52:44+00:00","og_image":[{"url":"https:\/\/danielfortin.fr\/wp-content\/uploads\/2022\/02\/RuuningMan_Mockup1_moinshaut-scaled.jpg","type":"","width":"","height":""}],"twitter_card":"summary_large_image","twitter_misc":{"Dur\u00e9e de lecture estim\u00e9e":"1 minute"},"schema":{"@context":"https:\/\/schema.org","@graph":[{"@type":"WebPage","@id":"https:\/\/danielfortin.fr\/index.php\/running-man\/","url":"https:\/\/danielfortin.fr\/index.php\/running-man\/","name":"Running Man - Daniel Fortin Design","isPartOf":{"@id":"https:\/\/danielfortin.fr\/#website"},"primaryImageOfPage":{"@id":"https:\/\/danielfortin.fr\/index.php\/running-man\/#primaryimage"},"image":{"@id":"https:\/\/danielfortin.fr\/index.php\/running-man\/#primaryimage"},"thumbnailUrl":"https:\/\/danielfortin.fr\/wp-content\/uploads\/2022\/02\/RuuningMan_Mockup1_moinshaut-scaled.jpg","datePublished":"2022-02-22T14:21:33+00:00","dateModified":"2022-03-29T21:52:44+00:00","breadcrumb":{"@id":"https:\/\/danielfortin.fr\/index.php\/running-man\/#breadcrumb"},"inLanguage":"fr-FR","potentialAction":[{"@type":"ReadAction","target":["https:\/\/danielfortin.fr\/index.php\/running-man\/"]}]},{"@type":"ImageObject","inLanguage":"fr-FR","@id":"https:\/\/danielfortin.fr\/index.php\/running-man\/#primaryimage","url":"https:\/\/danielfortin.fr\/wp-content\/uploads\/2022\/02\/RuuningMan_Mockup1_moinshaut-scaled.jpg","contentUrl":"https:\/\/danielfortin.fr\/wp-content\/uploads\/2022\/02\/RuuningMan_Mockup1_moinshaut-scaled.jpg","width":2560,"height":1306,"caption":"Mockup Running Man"},{"@type":"BreadcrumbList","@id":"https:\/\/danielfortin.fr\/index.php\/running-man\/#breadcrumb","itemListElement":[{"@type":"ListItem","position":1,"name":"Accueil","item":"https:\/\/danielfortin.fr\/"},{"@type":"ListItem","position":2,"name":"Running Man"}]},{"@type":"WebSite","@id":"https:\/\/danielfortin.fr\/#website","url":"https:\/\/danielfortin.fr\/","name":"Daniel Fortin Design","description":"Graphisme","publisher":{"@id":"https:\/\/danielfortin.fr\/#organization"},"potentialAction":[{"@type":"SearchAction","target":{"@type":"EntryPoint","urlTemplate":"https:\/\/danielfortin.fr\/?s={search_term_string}"},"query-input":{"@type":"PropertyValueSpecification","valueRequired":true,"valueName":"search_term_string"}}],"inLanguage":"fr-FR"},{"@type":"Organization","@id":"https:\/\/danielfortin.fr\/#organization","name":"Daniel Fortin Design","url":"https:\/\/danielfortin.fr\/","logo":{"@type":"ImageObject","inLanguage":"fr-FR","@id":"https:\/\/danielfortin.fr\/#\/schema\/logo\/image\/","url":"https:\/\/danielfortin.fr\/wp-content\/uploads\/2022\/02\/Logo-Daniel-Fortin-Alpha.png","contentUrl":"https:\/\/danielfortin.fr\/wp-content\/uploads\/2022\/02\/Logo-Daniel-Fortin-Alpha.png","width":339,"height":164,"caption":"Daniel Fortin Design"},"image":{"@id":"https:\/\/danielfortin.fr\/#\/schema\/logo\/image\/"}}]}},"_links":{"self":[{"href":"https:\/\/danielfortin.fr\/index.php\/wp-json\/wp\/v2\/pages\/938","targetHints":{"allow":["GET"]}}],"collection":[{"href":"https:\/\/danielfortin.fr\/index.php\/wp-json\/wp\/v2\/pages"}],"about":[{"href":"https:\/\/danielfortin.fr\/index.php\/wp-json\/wp\/v2\/types\/page"}],"author":[{"embeddable":true,"href":"https:\/\/danielfortin.fr\/index.php\/wp-json\/wp\/v2\/users\/1"}],"replies":[{"embeddable":true,"href":"https:\/\/danielfortin.fr\/index.php\/wp-json\/wp\/v2\/comments?post=938"}],"version-history":[{"count":34,"href":"https:\/\/danielfortin.fr\/index.php\/wp-json\/wp\/v2\/pages\/938\/revisions"}],"predecessor-version":[{"id":2013,"href":"https:\/\/danielfortin.fr\/index.php\/wp-json\/wp\/v2\/pages\/938\/revisions\/2013"}],"wp:attachment":[{"href":"https:\/\/danielfortin.fr\/index.php\/wp-json\/wp\/v2\/media?parent=938"}],"curies":[{"name":"wp","href":"https:\/\/api.w.org\/{rel}","templated":true}]}}