{"id":857,"date":"2022-02-22T14:19:49","date_gmt":"2022-02-22T13:19:49","guid":{"rendered":"https:\/\/danielfortin.fr\/?page_id=857"},"modified":"2022-03-29T23:47:53","modified_gmt":"2022-03-29T21:47:53","slug":"nature-en-ville","status":"publish","type":"page","link":"https:\/\/danielfortin.fr\/index.php\/nature-en-ville\/","title":{"rendered":"Nature en ville"},"content":{"rendered":"\t\t<div data-elementor-type=\"wp-page\" data-elementor-id=\"857\" class=\"elementor elementor-857\">\n\t\t\t\t\t\t<section class=\"elementor-section elementor-top-section elementor-element elementor-element-4e9e3f1 elementor-section-boxed elementor-section-height-default elementor-section-height-default\" data-id=\"4e9e3f1\" data-element_type=\"section\" data-e-type=\"section\">\n\t\t\t\t\t\t<div class=\"elementor-container elementor-column-gap-default\">\n\t\t\t\t\t<div class=\"elementor-column elementor-col-50 elementor-top-column elementor-element elementor-element-1fe4533\" data-id=\"1fe4533\" data-element_type=\"column\" data-e-type=\"column\">\n\t\t\t<div class=\"elementor-widget-wrap elementor-element-populated\">\n\t\t\t\t\t\t<section class=\"elementor-section elementor-inner-section elementor-element elementor-element-8392ccc elementor-section-boxed elementor-section-height-default elementor-section-height-default\" data-id=\"8392ccc\" data-element_type=\"section\" data-e-type=\"section\">\n\t\t\t\t\t\t<div class=\"elementor-container elementor-column-gap-default\">\n\t\t\t\t\t<div class=\"elementor-column elementor-col-50 elementor-inner-column elementor-element elementor-element-c02f3ad\" data-id=\"c02f3ad\" data-element_type=\"column\" data-e-type=\"column\">\n\t\t\t<div class=\"elementor-widget-wrap\">\n\t\t\t\t\t\t\t<\/div>\n\t\t<\/div>\n\t\t\t\t<div class=\"elementor-column elementor-col-50 elementor-inner-column elementor-element elementor-element-57a4d1b\" data-id=\"57a4d1b\" data-element_type=\"column\" data-e-type=\"column\">\n\t\t\t<div class=\"elementor-widget-wrap elementor-element-populated\">\n\t\t\t\t\t\t<div class=\"elementor-element elementor-element-7ccfd4c elementor-widget elementor-widget-heading\" data-id=\"7ccfd4c\" data-element_type=\"widget\" data-e-type=\"widget\" data-widget_type=\"heading.default\">\n\t\t\t\t<div class=\"elementor-widget-container\">\n\t\t\t\t\t<h2 class=\"elementor-heading-title elementor-size-default\">Nature en ville<\/h2>\t\t\t\t<\/div>\n\t\t\t\t<\/div>\n\t\t\t\t<div class=\"elementor-element elementor-element-4fb6e8d elementor-widget elementor-widget-heading\" data-id=\"4fb6e8d\" data-element_type=\"widget\" data-e-type=\"widget\" data-widget_type=\"heading.default\">\n\t\t\t\t<div class=\"elementor-widget-container\">\n\t\t\t\t\t<h3 class=\"elementor-heading-title elementor-size-default\">Photomontage<\/h3>\t\t\t\t<\/div>\n\t\t\t\t<\/div>\n\t\t\t\t\t<\/div>\n\t\t<\/div>\n\t\t\t\t\t<\/div>\n\t\t<\/section>\n\t\t\t\t<section class=\"elementor-section elementor-inner-section elementor-element elementor-element-2e6656b elementor-section-boxed elementor-section-height-default elementor-section-height-default\" data-id=\"2e6656b\" data-element_type=\"section\" data-e-type=\"section\">\n\t\t\t\t\t\t<div class=\"elementor-container elementor-column-gap-default\">\n\t\t\t\t\t<div class=\"elementor-column elementor-col-50 elementor-inner-column elementor-element elementor-element-522c80f\" data-id=\"522c80f\" data-element_type=\"column\" data-e-type=\"column\">\n\t\t\t<div class=\"elementor-widget-wrap elementor-element-populated\">\n\t\t\t\t\t\t<div class=\"elementor-element elementor-element-ff225ce elementor-widget elementor-widget-heading\" data-id=\"ff225ce\" data-element_type=\"widget\" data-e-type=\"widget\" data-widget_type=\"heading.default\">\n\t\t\t\t<div class=\"elementor-widget-container\">\n\t\t\t\t\t<h6 class=\"elementor-heading-title elementor-size-default\">Brief<\/h6>\t\t\t\t<\/div>\n\t\t\t\t<\/div>\n\t\t\t\t\t<\/div>\n\t\t<\/div>\n\t\t\t\t<div class=\"elementor-column elementor-col-50 elementor-inner-column elementor-element elementor-element-31e01f0\" data-id=\"31e01f0\" data-element_type=\"column\" data-e-type=\"column\">\n\t\t\t<div class=\"elementor-widget-wrap elementor-element-populated\">\n\t\t\t\t\t\t<div class=\"elementor-element elementor-element-9b30401 elementor-widget elementor-widget-text-editor\" data-id=\"9b30401\" data-element_type=\"widget\" data-e-type=\"widget\" data-widget_type=\"text-editor.default\">\n\t\t\t\t<div class=\"elementor-widget-container\">\n\t\t\t\t\t\t\t\t\t<div>Plonger un environnement urbain dans un futur hypoth\u00e9tique au cours duquel la nature aurait repris ses droits sur la ville.<\/div><div>\u00a0<\/div><p>Une centrale nucl\u00e9aire abandonn\u00e9e. De la radioactivit\u00e9 en mode freestyle. Des mutations chez les vivants.<\/p>\t\t\t\t\t\t\t\t<\/div>\n\t\t\t\t<\/div>\n\t\t\t\t\t<\/div>\n\t\t<\/div>\n\t\t\t\t\t<\/div>\n\t\t<\/section>\n\t\t\t\t<section class=\"elementor-section elementor-inner-section elementor-element elementor-element-ebdecd8 elementor-section-boxed elementor-section-height-default elementor-section-height-default\" data-id=\"ebdecd8\" data-element_type=\"section\" data-e-type=\"section\">\n\t\t\t\t\t\t<div class=\"elementor-container elementor-column-gap-default\">\n\t\t\t\t\t<div class=\"elementor-column elementor-col-50 elementor-inner-column elementor-element elementor-element-5b98fb0\" data-id=\"5b98fb0\" data-element_type=\"column\" data-e-type=\"column\">\n\t\t\t<div class=\"elementor-widget-wrap elementor-element-populated\">\n\t\t\t\t\t\t<div class=\"elementor-element elementor-element-a0c26a7 elementor-widget elementor-widget-heading\" data-id=\"a0c26a7\" data-element_type=\"widget\" data-e-type=\"widget\" data-widget_type=\"heading.default\">\n\t\t\t\t<div class=\"elementor-widget-container\">\n\t\t\t\t\t<h6 class=\"elementor-heading-title elementor-size-default\">Outils<\/h6>\t\t\t\t<\/div>\n\t\t\t\t<\/div>\n\t\t\t\t\t<\/div>\n\t\t<\/div>\n\t\t\t\t<div class=\"elementor-column elementor-col-50 elementor-inner-column elementor-element elementor-element-cd9311b\" data-id=\"cd9311b\" data-element_type=\"column\" data-e-type=\"column\">\n\t\t\t<div class=\"elementor-widget-wrap elementor-element-populated\">\n\t\t\t\t\t\t<div class=\"elementor-element elementor-element-0ea4eb2 elementor-widget elementor-widget-text-editor\" data-id=\"0ea4eb2\" data-element_type=\"widget\" data-e-type=\"widget\" data-widget_type=\"text-editor.default\">\n\t\t\t\t<div class=\"elementor-widget-container\">\n\t\t\t\t\t\t\t\t\t<p>Adobe Photoshop<\/p>\t\t\t\t\t\t\t\t<\/div>\n\t\t\t\t<\/div>\n\t\t\t\t\t<\/div>\n\t\t<\/div>\n\t\t\t\t\t<\/div>\n\t\t<\/section>\n\t\t\t\t\t<\/div>\n\t\t<\/div>\n\t\t\t\t<div class=\"elementor-column elementor-col-50 elementor-top-column elementor-element elementor-element-841a009\" data-id=\"841a009\" data-element_type=\"column\" data-e-type=\"column\">\n\t\t\t<div class=\"elementor-widget-wrap\">\n\t\t\t\t\t\t\t<\/div>\n\t\t<\/div>\n\t\t\t\t\t<\/div>\n\t\t<\/section>\n\t\t\t\t<section class=\"elementor-section elementor-top-section elementor-element elementor-element-0a5715d elementor-section-full_width elementor-section-height-default elementor-section-height-default\" data-id=\"0a5715d\" data-element_type=\"section\" data-e-type=\"section\">\n\t\t\t\t\t\t<div class=\"elementor-container elementor-column-gap-default\">\n\t\t\t\t\t<div class=\"elementor-column elementor-col-100 elementor-top-column elementor-element elementor-element-54ccbbf\" data-id=\"54ccbbf\" data-element_type=\"column\" data-e-type=\"column\" data-settings=\"{&quot;background_background&quot;:&quot;classic&quot;}\">\n\t\t\t<div class=\"elementor-widget-wrap elementor-element-populated\">\n\t\t\t\t\t\t<section class=\"elementor-section elementor-inner-section elementor-element elementor-element-168fe6d elementor-section-boxed elementor-section-height-default elementor-section-height-default\" data-id=\"168fe6d\" data-element_type=\"section\" data-e-type=\"section\">\n\t\t\t\t\t\t<div class=\"elementor-container elementor-column-gap-default\">\n\t\t\t\t\t<div class=\"elementor-column elementor-col-100 elementor-inner-column elementor-element elementor-element-ce2da87\" data-id=\"ce2da87\" data-element_type=\"column\" data-e-type=\"column\">\n\t\t\t<div class=\"elementor-widget-wrap elementor-element-populated\">\n\t\t\t\t\t\t<div class=\"elementor-element elementor-element-a0dba63 elementor-widget elementor-widget-elementskit-image-comparison\" data-id=\"a0dba63\" data-element_type=\"widget\" data-e-type=\"widget\" data-widget_type=\"elementskit-image-comparison.default\">\n\t\t\t\t<div class=\"elementor-widget-container\">\n\t\t\t\t\t<div class=\"ekit-wid-con\" >\n\t\t<div class=\"elementskit-image-comparison image-comparison-container-vertical\" data-offset=\"0.5\" data-overlay=\"\" data-label_after=\"Aprs\" data-label_before=\"Avant\" data-move_slider_on_hover=\"\" data-click_to_move=\"\">\n\t\t\t<img decoding=\"async\" src=\"https:\/\/danielfortin.fr\/wp-content\/uploads\/2022\/02\/Avant72dpi-1.png\" title=\"Photo d&rsquo;origine\" alt=\"Photo d&#039;origine\" loading=\"lazy\" \/><img decoding=\"async\" src=\"https:\/\/danielfortin.fr\/wp-content\/uploads\/2022\/02\/Apres72dpi-1.png\" title=\"Photomontage\" alt=\"Photomontage\" loading=\"lazy\" \/>\t\t<\/div>\n\n\t<\/div>\t\t\t\t<\/div>\n\t\t\t\t<\/div>\n\t\t\t\t<div class=\"elementor-element elementor-element-555712b elementor-widget elementor-widget-text-editor\" data-id=\"555712b\" data-element_type=\"widget\" data-e-type=\"widget\" data-widget_type=\"text-editor.default\">\n\t\t\t\t<div class=\"elementor-widget-container\">\n\t\t\t\t\t\t\t\t\t<p>Images sources : Esteban Arango (Pexels), Nel Botha (Pixabay), Gerd Altmann (Pixabay) et fabio.tsu (Pexels)<\/p>\t\t\t\t\t\t\t\t<\/div>\n\t\t\t\t<\/div>\n\t\t\t\t\t<\/div>\n\t\t<\/div>\n\t\t\t\t\t<\/div>\n\t\t<\/section>\n\t\t\t\t\t<\/div>\n\t\t<\/div>\n\t\t\t\t\t<\/div>\n\t\t<\/section>\n\t\t\t\t<section class=\"elementor-section elementor-top-section elementor-element elementor-element-a9df400 elementor-section-full_width elementor-section-height-default elementor-section-height-default\" data-id=\"a9df400\" data-element_type=\"section\" data-e-type=\"section\" data-settings=\"{&quot;background_background&quot;:&quot;classic&quot;}\">\n\t\t\t\t\t\t<div class=\"elementor-container elementor-column-gap-default\">\n\t\t\t\t\t<div class=\"elementor-column elementor-col-100 elementor-top-column elementor-element elementor-element-abdfb55\" data-id=\"abdfb55\" data-element_type=\"column\" data-e-type=\"column\">\n\t\t\t<div class=\"elementor-widget-wrap elementor-element-populated\">\n\t\t\t\t\t\t<div class=\"elementor-element elementor-element-f401f32 elementor-widget-divider--view-line elementor-widget elementor-widget-divider\" data-id=\"f401f32\" data-element_type=\"widget\" data-e-type=\"widget\" data-widget_type=\"divider.default\">\n\t\t\t\t<div class=\"elementor-widget-container\">\n\t\t\t\t\t\t\t<div class=\"elementor-divider\">\n\t\t\t<span class=\"elementor-divider-separator\">\n\t\t\t\t\t\t<\/span>\n\t\t<\/div>\n\t\t\t\t\t\t<\/div>\n\t\t\t\t<\/div>\n\t\t\t\t<section class=\"elementor-section elementor-inner-section elementor-element elementor-element-888b0af elementor-section-boxed elementor-section-height-default elementor-section-height-default\" data-id=\"888b0af\" data-element_type=\"section\" data-e-type=\"section\">\n\t\t\t\t\t\t<div class=\"elementor-container elementor-column-gap-default\">\n\t\t\t\t\t<div class=\"elementor-column elementor-col-33 elementor-inner-column elementor-element elementor-element-4d32a28\" data-id=\"4d32a28\" data-element_type=\"column\" data-e-type=\"column\">\n\t\t\t<div class=\"elementor-widget-wrap elementor-element-populated\">\n\t\t\t\t\t\t<div class=\"elementor-element elementor-element-c8ab02f elementor-align-left elementor-widget elementor-widget-button\" data-id=\"c8ab02f\" data-element_type=\"widget\" data-e-type=\"widget\" data-widget_type=\"button.default\">\n\t\t\t\t<div class=\"elementor-widget-container\">\n\t\t\t\t\t\t\t\t\t<div class=\"elementor-button-wrapper\">\n\t\t\t\t\t<a class=\"elementor-button elementor-button-link elementor-size-xl\" href=\"\/index.php\/presentation\/\">\n\t\t\t\t\t\t<span class=\"elementor-button-content-wrapper\">\n\t\t\t\t\t\t<span class=\"elementor-button-icon\">\n\t\t\t\t<i aria-hidden=\"true\" class=\"fas fa-user\"><\/i>\t\t\t<\/span>\n\t\t\t\t\t\t\t\t\t<span class=\"elementor-button-text\">Pr\u00e9sentation<\/span>\n\t\t\t\t\t<\/span>\n\t\t\t\t\t<\/a>\n\t\t\t\t<\/div>\n\t\t\t\t\t\t\t\t<\/div>\n\t\t\t\t<\/div>\n\t\t\t\t\t<\/div>\n\t\t<\/div>\n\t\t\t\t<div class=\"elementor-column elementor-col-33 elementor-inner-column elementor-element elementor-element-4a7ba63\" data-id=\"4a7ba63\" data-element_type=\"column\" data-e-type=\"column\">\n\t\t\t<div class=\"elementor-widget-wrap elementor-element-populated\">\n\t\t\t\t\t\t<div class=\"elementor-element elementor-element-ad44ab8 elementor-align-center elementor-widget elementor-widget-button\" data-id=\"ad44ab8\" data-element_type=\"widget\" data-e-type=\"widget\" data-widget_type=\"button.default\">\n\t\t\t\t<div class=\"elementor-widget-container\">\n\t\t\t\t\t\t\t\t\t<div class=\"elementor-button-wrapper\">\n\t\t\t\t\t<a class=\"elementor-button elementor-button-link elementor-size-xl\" href=\"\/index.php\/portfolio\/\">\n\t\t\t\t\t\t<span class=\"elementor-button-content-wrapper\">\n\t\t\t\t\t\t<span class=\"elementor-button-icon\">\n\t\t\t\t<i aria-hidden=\"true\" class=\"fas fa-book-open\"><\/i>\t\t\t<\/span>\n\t\t\t\t\t\t\t\t\t<span class=\"elementor-button-text\">Portfolio<\/span>\n\t\t\t\t\t<\/span>\n\t\t\t\t\t<\/a>\n\t\t\t\t<\/div>\n\t\t\t\t\t\t\t\t<\/div>\n\t\t\t\t<\/div>\n\t\t\t\t\t<\/div>\n\t\t<\/div>\n\t\t\t\t<div class=\"elementor-column elementor-col-33 elementor-inner-column elementor-element elementor-element-f6d172b\" data-id=\"f6d172b\" data-element_type=\"column\" data-e-type=\"column\">\n\t\t\t<div class=\"elementor-widget-wrap elementor-element-populated\">\n\t\t\t\t\t\t<div class=\"elementor-element elementor-element-b086ecb elementor-align-right elementor-widget elementor-widget-button\" data-id=\"b086ecb\" data-element_type=\"widget\" data-e-type=\"widget\" data-widget_type=\"button.default\">\n\t\t\t\t<div class=\"elementor-widget-container\">\n\t\t\t\t\t\t\t\t\t<div class=\"elementor-button-wrapper\">\n\t\t\t\t\t<a class=\"elementor-button elementor-button-link elementor-size-xl\" href=\"\/index.php\/contact\/\">\n\t\t\t\t\t\t<span class=\"elementor-button-content-wrapper\">\n\t\t\t\t\t\t<span class=\"elementor-button-icon\">\n\t\t\t\t<i aria-hidden=\"true\" class=\"fas fa-envelope-open\"><\/i>\t\t\t<\/span>\n\t\t\t\t\t\t\t\t\t<span class=\"elementor-button-text\">Contact<\/span>\n\t\t\t\t\t<\/span>\n\t\t\t\t\t<\/a>\n\t\t\t\t<\/div>\n\t\t\t\t\t\t\t\t<\/div>\n\t\t\t\t<\/div>\n\t\t\t\t\t<\/div>\n\t\t<\/div>\n\t\t\t\t\t<\/div>\n\t\t<\/section>\n\t\t\t\t\t<\/div>\n\t\t<\/div>\n\t\t\t\t\t<\/div>\n\t\t<\/section>\n\t\t\t\t<\/div>\n\t\t","protected":false},"excerpt":{"rendered":"<p>Nature en ville Photomontage Brief Plonger un environnement urbain dans un futur hypoth\u00e9tique au cours duquel la nature aurait repris ses droits sur la ville.\u00a0 Une centrale nucl\u00e9aire abandonn\u00e9e. De la radioactivit\u00e9 en mode freestyle. Des mutations chez les vivants. Outils Adobe Photoshop Images sources : Esteban Arango (Pexels), Nel Botha (Pixabay), Gerd Altmann (Pixabay)&#8230;<\/p>\n","protected":false},"author":1,"featured_media":0,"parent":0,"menu_order":0,"comment_status":"closed","ping_status":"closed","template":"","meta":{"_kad_post_transparent":"","_kad_post_title":"hide","_kad_post_layout":"fullwidth","_kad_post_sidebar_id":"","_kad_post_content_style":"unboxed","_kad_post_vertical_padding":"hide","_kad_post_feature":"hide","_kad_post_feature_position":"","_kad_post_header":false,"_kad_post_footer":false,"footnotes":""},"class_list":["post-857","page","type-page","status-publish","hentry"],"yoast_head":"<!-- This site is optimized with the Yoast SEO plugin v27.4 - https:\/\/yoast.com\/product\/yoast-seo-wordpress\/ -->\n<title>Nature en ville - Daniel Fortin Design<\/title>\n<meta name=\"robots\" content=\"index, follow, max-snippet:-1, max-image-preview:large, max-video-preview:-1\" \/>\n<link rel=\"canonical\" href=\"https:\/\/danielfortin.fr\/index.php\/nature-en-ville\/\" \/>\n<meta property=\"og:locale\" content=\"fr_FR\" \/>\n<meta property=\"og:type\" content=\"article\" \/>\n<meta property=\"og:title\" content=\"Nature en ville - Daniel Fortin Design\" \/>\n<meta property=\"og:description\" content=\"Nature en ville Photomontage Brief Plonger un environnement urbain dans un futur hypoth\u00e9tique au cours duquel la nature aurait repris ses droits sur la ville.\u00a0 Une centrale nucl\u00e9aire abandonn\u00e9e. De la radioactivit\u00e9 en mode freestyle. Des mutations chez les vivants. Outils Adobe Photoshop Images sources : Esteban Arango (Pexels), Nel Botha (Pixabay), Gerd Altmann (Pixabay)...\" \/>\n<meta property=\"og:url\" content=\"https:\/\/danielfortin.fr\/index.php\/nature-en-ville\/\" \/>\n<meta property=\"og:site_name\" content=\"Daniel Fortin Design\" \/>\n<meta property=\"article:modified_time\" content=\"2022-03-29T21:47:53+00:00\" \/>\n<meta property=\"og:image\" content=\"https:\/\/danielfortin.fr\/wp-content\/uploads\/2022\/02\/Avant72dpi-1.png\" \/>\n<meta name=\"twitter:card\" content=\"summary_large_image\" \/>\n<meta name=\"twitter:label1\" content=\"Dur\u00e9e de lecture estim\u00e9e\" \/>\n\t<meta name=\"twitter:data1\" content=\"1 minute\" \/>\n<script type=\"application\/ld+json\" class=\"yoast-schema-graph\">{\"@context\":\"https:\\\/\\\/schema.org\",\"@graph\":[{\"@type\":\"WebPage\",\"@id\":\"https:\\\/\\\/danielfortin.fr\\\/index.php\\\/nature-en-ville\\\/\",\"url\":\"https:\\\/\\\/danielfortin.fr\\\/index.php\\\/nature-en-ville\\\/\",\"name\":\"Nature en ville - Daniel Fortin Design\",\"isPartOf\":{\"@id\":\"https:\\\/\\\/danielfortin.fr\\\/#website\"},\"primaryImageOfPage\":{\"@id\":\"https:\\\/\\\/danielfortin.fr\\\/index.php\\\/nature-en-ville\\\/#primaryimage\"},\"image\":{\"@id\":\"https:\\\/\\\/danielfortin.fr\\\/index.php\\\/nature-en-ville\\\/#primaryimage\"},\"thumbnailUrl\":\"https:\\\/\\\/danielfortin.fr\\\/wp-content\\\/uploads\\\/2022\\\/02\\\/Avant72dpi-1.png\",\"datePublished\":\"2022-02-22T13:19:49+00:00\",\"dateModified\":\"2022-03-29T21:47:53+00:00\",\"breadcrumb\":{\"@id\":\"https:\\\/\\\/danielfortin.fr\\\/index.php\\\/nature-en-ville\\\/#breadcrumb\"},\"inLanguage\":\"fr-FR\",\"potentialAction\":[{\"@type\":\"ReadAction\",\"target\":[\"https:\\\/\\\/danielfortin.fr\\\/index.php\\\/nature-en-ville\\\/\"]}]},{\"@type\":\"ImageObject\",\"inLanguage\":\"fr-FR\",\"@id\":\"https:\\\/\\\/danielfortin.fr\\\/index.php\\\/nature-en-ville\\\/#primaryimage\",\"url\":\"https:\\\/\\\/danielfortin.fr\\\/wp-content\\\/uploads\\\/2022\\\/02\\\/Avant72dpi-1.png\",\"contentUrl\":\"https:\\\/\\\/danielfortin.fr\\\/wp-content\\\/uploads\\\/2022\\\/02\\\/Avant72dpi-1.png\",\"width\":1920,\"height\":1285,\"caption\":\"Photo d'origine\"},{\"@type\":\"BreadcrumbList\",\"@id\":\"https:\\\/\\\/danielfortin.fr\\\/index.php\\\/nature-en-ville\\\/#breadcrumb\",\"itemListElement\":[{\"@type\":\"ListItem\",\"position\":1,\"name\":\"Accueil\",\"item\":\"https:\\\/\\\/danielfortin.fr\\\/\"},{\"@type\":\"ListItem\",\"position\":2,\"name\":\"Nature en ville\"}]},{\"@type\":\"WebSite\",\"@id\":\"https:\\\/\\\/danielfortin.fr\\\/#website\",\"url\":\"https:\\\/\\\/danielfortin.fr\\\/\",\"name\":\"Daniel Fortin Design\",\"description\":\"Graphisme\",\"publisher\":{\"@id\":\"https:\\\/\\\/danielfortin.fr\\\/#organization\"},\"potentialAction\":[{\"@type\":\"SearchAction\",\"target\":{\"@type\":\"EntryPoint\",\"urlTemplate\":\"https:\\\/\\\/danielfortin.fr\\\/?s={search_term_string}\"},\"query-input\":{\"@type\":\"PropertyValueSpecification\",\"valueRequired\":true,\"valueName\":\"search_term_string\"}}],\"inLanguage\":\"fr-FR\"},{\"@type\":\"Organization\",\"@id\":\"https:\\\/\\\/danielfortin.fr\\\/#organization\",\"name\":\"Daniel Fortin Design\",\"url\":\"https:\\\/\\\/danielfortin.fr\\\/\",\"logo\":{\"@type\":\"ImageObject\",\"inLanguage\":\"fr-FR\",\"@id\":\"https:\\\/\\\/danielfortin.fr\\\/#\\\/schema\\\/logo\\\/image\\\/\",\"url\":\"https:\\\/\\\/danielfortin.fr\\\/wp-content\\\/uploads\\\/2022\\\/02\\\/Logo-Daniel-Fortin-Alpha.png\",\"contentUrl\":\"https:\\\/\\\/danielfortin.fr\\\/wp-content\\\/uploads\\\/2022\\\/02\\\/Logo-Daniel-Fortin-Alpha.png\",\"width\":339,\"height\":164,\"caption\":\"Daniel Fortin Design\"},\"image\":{\"@id\":\"https:\\\/\\\/danielfortin.fr\\\/#\\\/schema\\\/logo\\\/image\\\/\"}}]}<\/script>\n<!-- \/ Yoast SEO plugin. -->","yoast_head_json":{"title":"Nature en ville - Daniel Fortin Design","robots":{"index":"index","follow":"follow","max-snippet":"max-snippet:-1","max-image-preview":"max-image-preview:large","max-video-preview":"max-video-preview:-1"},"canonical":"https:\/\/danielfortin.fr\/index.php\/nature-en-ville\/","og_locale":"fr_FR","og_type":"article","og_title":"Nature en ville - Daniel Fortin Design","og_description":"Nature en ville Photomontage Brief Plonger un environnement urbain dans un futur hypoth\u00e9tique au cours duquel la nature aurait repris ses droits sur la ville.\u00a0 Une centrale nucl\u00e9aire abandonn\u00e9e. De la radioactivit\u00e9 en mode freestyle. Des mutations chez les vivants. Outils Adobe Photoshop Images sources : Esteban Arango (Pexels), Nel Botha (Pixabay), Gerd Altmann (Pixabay)...","og_url":"https:\/\/danielfortin.fr\/index.php\/nature-en-ville\/","og_site_name":"Daniel Fortin Design","article_modified_time":"2022-03-29T21:47:53+00:00","og_image":[{"url":"https:\/\/danielfortin.fr\/wp-content\/uploads\/2022\/02\/Avant72dpi-1.png","type":"","width":"","height":""}],"twitter_card":"summary_large_image","twitter_misc":{"Dur\u00e9e de lecture estim\u00e9e":"1 minute"},"schema":{"@context":"https:\/\/schema.org","@graph":[{"@type":"WebPage","@id":"https:\/\/danielfortin.fr\/index.php\/nature-en-ville\/","url":"https:\/\/danielfortin.fr\/index.php\/nature-en-ville\/","name":"Nature en ville - Daniel Fortin Design","isPartOf":{"@id":"https:\/\/danielfortin.fr\/#website"},"primaryImageOfPage":{"@id":"https:\/\/danielfortin.fr\/index.php\/nature-en-ville\/#primaryimage"},"image":{"@id":"https:\/\/danielfortin.fr\/index.php\/nature-en-ville\/#primaryimage"},"thumbnailUrl":"https:\/\/danielfortin.fr\/wp-content\/uploads\/2022\/02\/Avant72dpi-1.png","datePublished":"2022-02-22T13:19:49+00:00","dateModified":"2022-03-29T21:47:53+00:00","breadcrumb":{"@id":"https:\/\/danielfortin.fr\/index.php\/nature-en-ville\/#breadcrumb"},"inLanguage":"fr-FR","potentialAction":[{"@type":"ReadAction","target":["https:\/\/danielfortin.fr\/index.php\/nature-en-ville\/"]}]},{"@type":"ImageObject","inLanguage":"fr-FR","@id":"https:\/\/danielfortin.fr\/index.php\/nature-en-ville\/#primaryimage","url":"https:\/\/danielfortin.fr\/wp-content\/uploads\/2022\/02\/Avant72dpi-1.png","contentUrl":"https:\/\/danielfortin.fr\/wp-content\/uploads\/2022\/02\/Avant72dpi-1.png","width":1920,"height":1285,"caption":"Photo d'origine"},{"@type":"BreadcrumbList","@id":"https:\/\/danielfortin.fr\/index.php\/nature-en-ville\/#breadcrumb","itemListElement":[{"@type":"ListItem","position":1,"name":"Accueil","item":"https:\/\/danielfortin.fr\/"},{"@type":"ListItem","position":2,"name":"Nature en ville"}]},{"@type":"WebSite","@id":"https:\/\/danielfortin.fr\/#website","url":"https:\/\/danielfortin.fr\/","name":"Daniel Fortin Design","description":"Graphisme","publisher":{"@id":"https:\/\/danielfortin.fr\/#organization"},"potentialAction":[{"@type":"SearchAction","target":{"@type":"EntryPoint","urlTemplate":"https:\/\/danielfortin.fr\/?s={search_term_string}"},"query-input":{"@type":"PropertyValueSpecification","valueRequired":true,"valueName":"search_term_string"}}],"inLanguage":"fr-FR"},{"@type":"Organization","@id":"https:\/\/danielfortin.fr\/#organization","name":"Daniel Fortin Design","url":"https:\/\/danielfortin.fr\/","logo":{"@type":"ImageObject","inLanguage":"fr-FR","@id":"https:\/\/danielfortin.fr\/#\/schema\/logo\/image\/","url":"https:\/\/danielfortin.fr\/wp-content\/uploads\/2022\/02\/Logo-Daniel-Fortin-Alpha.png","contentUrl":"https:\/\/danielfortin.fr\/wp-content\/uploads\/2022\/02\/Logo-Daniel-Fortin-Alpha.png","width":339,"height":164,"caption":"Daniel Fortin Design"},"image":{"@id":"https:\/\/danielfortin.fr\/#\/schema\/logo\/image\/"}}]}},"_links":{"self":[{"href":"https:\/\/danielfortin.fr\/index.php\/wp-json\/wp\/v2\/pages\/857","targetHints":{"allow":["GET"]}}],"collection":[{"href":"https:\/\/danielfortin.fr\/index.php\/wp-json\/wp\/v2\/pages"}],"about":[{"href":"https:\/\/danielfortin.fr\/index.php\/wp-json\/wp\/v2\/types\/page"}],"author":[{"embeddable":true,"href":"https:\/\/danielfortin.fr\/index.php\/wp-json\/wp\/v2\/users\/1"}],"replies":[{"embeddable":true,"href":"https:\/\/danielfortin.fr\/index.php\/wp-json\/wp\/v2\/comments?post=857"}],"version-history":[{"count":92,"href":"https:\/\/danielfortin.fr\/index.php\/wp-json\/wp\/v2\/pages\/857\/revisions"}],"predecessor-version":[{"id":2010,"href":"https:\/\/danielfortin.fr\/index.php\/wp-json\/wp\/v2\/pages\/857\/revisions\/2010"}],"wp:attachment":[{"href":"https:\/\/danielfortin.fr\/index.php\/wp-json\/wp\/v2\/media?parent=857"}],"curies":[{"name":"wp","href":"https:\/\/api.w.org\/{rel}","templated":true}]}}