{"id":829,"date":"2022-02-22T14:00:02","date_gmt":"2022-02-22T13:00:02","guid":{"rendered":"https:\/\/danielfortin.fr\/?page_id=829"},"modified":"2022-03-29T23:45:29","modified_gmt":"2022-03-29T21:45:29","slug":"day-night","status":"publish","type":"page","link":"https:\/\/danielfortin.fr\/index.php\/day-night\/","title":{"rendered":"Day \/ Night"},"content":{"rendered":"\t\t<div data-elementor-type=\"wp-page\" data-elementor-id=\"829\" class=\"elementor elementor-829\">\n\t\t\t\t\t\t<section class=\"elementor-section elementor-top-section elementor-element elementor-element-540930a elementor-section-boxed elementor-section-height-default elementor-section-height-default\" data-id=\"540930a\" data-element_type=\"section\" data-e-type=\"section\">\n\t\t\t\t\t\t<div class=\"elementor-container elementor-column-gap-default\">\n\t\t\t\t\t<div class=\"elementor-column elementor-col-50 elementor-top-column elementor-element elementor-element-0527135\" data-id=\"0527135\" data-element_type=\"column\" data-e-type=\"column\">\n\t\t\t<div class=\"elementor-widget-wrap elementor-element-populated\">\n\t\t\t\t\t\t<section class=\"elementor-section elementor-inner-section elementor-element elementor-element-8448412 elementor-section-boxed elementor-section-height-default elementor-section-height-default\" data-id=\"8448412\" data-element_type=\"section\" data-e-type=\"section\">\n\t\t\t\t\t\t<div class=\"elementor-container elementor-column-gap-default\">\n\t\t\t\t\t<div class=\"elementor-column elementor-col-50 elementor-inner-column elementor-element elementor-element-ad3dcc6\" data-id=\"ad3dcc6\" data-element_type=\"column\" data-e-type=\"column\">\n\t\t\t<div class=\"elementor-widget-wrap\">\n\t\t\t\t\t\t\t<\/div>\n\t\t<\/div>\n\t\t\t\t<div class=\"elementor-column elementor-col-50 elementor-inner-column elementor-element elementor-element-f0ac17d\" data-id=\"f0ac17d\" data-element_type=\"column\" data-e-type=\"column\">\n\t\t\t<div class=\"elementor-widget-wrap elementor-element-populated\">\n\t\t\t\t\t\t<div class=\"elementor-element elementor-element-f67628d elementor-widget elementor-widget-heading\" data-id=\"f67628d\" data-element_type=\"widget\" data-e-type=\"widget\" data-widget_type=\"heading.default\">\n\t\t\t\t<div class=\"elementor-widget-container\">\n\t\t\t\t\t<h2 class=\"elementor-heading-title elementor-size-default\">Day \/ Night<\/h2>\t\t\t\t<\/div>\n\t\t\t\t<\/div>\n\t\t\t\t<div class=\"elementor-element elementor-element-f0630eb elementor-widget elementor-widget-heading\" data-id=\"f0630eb\" data-element_type=\"widget\" data-e-type=\"widget\" data-widget_type=\"heading.default\">\n\t\t\t\t<div class=\"elementor-widget-container\">\n\t\t\t\t\t<h3 class=\"elementor-heading-title elementor-size-default\">Photomontage<\/h3>\t\t\t\t<\/div>\n\t\t\t\t<\/div>\n\t\t\t\t\t<\/div>\n\t\t<\/div>\n\t\t\t\t\t<\/div>\n\t\t<\/section>\n\t\t\t\t<section class=\"elementor-section elementor-inner-section elementor-element elementor-element-6eb4db0 elementor-section-boxed elementor-section-height-default elementor-section-height-default\" data-id=\"6eb4db0\" data-element_type=\"section\" data-e-type=\"section\">\n\t\t\t\t\t\t<div class=\"elementor-container elementor-column-gap-default\">\n\t\t\t\t\t<div class=\"elementor-column elementor-col-50 elementor-inner-column elementor-element elementor-element-2369745\" data-id=\"2369745\" data-element_type=\"column\" data-e-type=\"column\">\n\t\t\t<div class=\"elementor-widget-wrap elementor-element-populated\">\n\t\t\t\t\t\t<div class=\"elementor-element elementor-element-2889d37 elementor-widget elementor-widget-heading\" data-id=\"2889d37\" data-element_type=\"widget\" data-e-type=\"widget\" data-widget_type=\"heading.default\">\n\t\t\t\t<div class=\"elementor-widget-container\">\n\t\t\t\t\t<h6 class=\"elementor-heading-title elementor-size-default\">Brief<\/h6>\t\t\t\t<\/div>\n\t\t\t\t<\/div>\n\t\t\t\t\t<\/div>\n\t\t<\/div>\n\t\t\t\t<div class=\"elementor-column elementor-col-50 elementor-inner-column elementor-element elementor-element-36a2415\" data-id=\"36a2415\" data-element_type=\"column\" data-e-type=\"column\">\n\t\t\t<div class=\"elementor-widget-wrap elementor-element-populated\">\n\t\t\t\t\t\t<div class=\"elementor-element elementor-element-cc529e1 elementor-widget elementor-widget-text-editor\" data-id=\"cc529e1\" data-element_type=\"widget\" data-e-type=\"widget\" data-widget_type=\"text-editor.default\">\n\t\t\t\t<div class=\"elementor-widget-container\">\n\t\t\t\t\t\t\t\t\t<div>Transformer une photo prise de jour en photo de nuit.<\/div><div>\u00a0<\/div><p>La lumi\u00e8re blanche de la lune et celle orang\u00e9e de l\u2019\u00e9clairage incandescent se disputent les reliefs d\u2019une vieille ville.<\/p>\t\t\t\t\t\t\t\t<\/div>\n\t\t\t\t<\/div>\n\t\t\t\t\t<\/div>\n\t\t<\/div>\n\t\t\t\t\t<\/div>\n\t\t<\/section>\n\t\t\t\t<section class=\"elementor-section elementor-inner-section elementor-element elementor-element-4335ebd elementor-section-boxed elementor-section-height-default elementor-section-height-default\" data-id=\"4335ebd\" data-element_type=\"section\" data-e-type=\"section\">\n\t\t\t\t\t\t<div class=\"elementor-container elementor-column-gap-default\">\n\t\t\t\t\t<div class=\"elementor-column elementor-col-50 elementor-inner-column elementor-element elementor-element-63dd38a\" data-id=\"63dd38a\" data-element_type=\"column\" data-e-type=\"column\">\n\t\t\t<div class=\"elementor-widget-wrap elementor-element-populated\">\n\t\t\t\t\t\t<div class=\"elementor-element elementor-element-6f4302b elementor-widget elementor-widget-heading\" data-id=\"6f4302b\" data-element_type=\"widget\" data-e-type=\"widget\" data-widget_type=\"heading.default\">\n\t\t\t\t<div class=\"elementor-widget-container\">\n\t\t\t\t\t<h6 class=\"elementor-heading-title elementor-size-default\">Outils<\/h6>\t\t\t\t<\/div>\n\t\t\t\t<\/div>\n\t\t\t\t\t<\/div>\n\t\t<\/div>\n\t\t\t\t<div class=\"elementor-column elementor-col-50 elementor-inner-column elementor-element elementor-element-d68203f\" data-id=\"d68203f\" data-element_type=\"column\" data-e-type=\"column\">\n\t\t\t<div class=\"elementor-widget-wrap elementor-element-populated\">\n\t\t\t\t\t\t<div class=\"elementor-element elementor-element-9bfdab8 elementor-widget elementor-widget-text-editor\" data-id=\"9bfdab8\" data-element_type=\"widget\" data-e-type=\"widget\" data-widget_type=\"text-editor.default\">\n\t\t\t\t<div class=\"elementor-widget-container\">\n\t\t\t\t\t\t\t\t\t<p>Adobe Photoshop<\/p>\t\t\t\t\t\t\t\t<\/div>\n\t\t\t\t<\/div>\n\t\t\t\t\t<\/div>\n\t\t<\/div>\n\t\t\t\t\t<\/div>\n\t\t<\/section>\n\t\t\t\t<div class=\"elementor-element elementor-element-3f53648 elementor-widget elementor-widget-text-editor\" data-id=\"3f53648\" data-element_type=\"widget\" data-e-type=\"widget\" data-widget_type=\"text-editor.default\">\n\t\t\t\t<div class=\"elementor-widget-container\">\n\t\t\t\t\t\t\t\t\t<p>Images sources : Maria Orlova (Pexels) et Joonas k\u00e4\u00e4ri\u00e4inen (Pexels)<\/p>\t\t\t\t\t\t\t\t<\/div>\n\t\t\t\t<\/div>\n\t\t\t\t\t<\/div>\n\t\t<\/div>\n\t\t\t\t<div class=\"elementor-column elementor-col-50 elementor-top-column elementor-element elementor-element-0baac3e\" data-id=\"0baac3e\" data-element_type=\"column\" data-e-type=\"column\" data-settings=\"{&quot;background_background&quot;:&quot;classic&quot;}\">\n\t\t\t<div class=\"elementor-widget-wrap elementor-element-populated\">\n\t\t\t\t\t\t<div class=\"elementor-element elementor-element-207f489 elementor-widget elementor-widget-elementskit-image-comparison\" data-id=\"207f489\" data-element_type=\"widget\" data-e-type=\"widget\" data-widget_type=\"elementskit-image-comparison.default\">\n\t\t\t\t<div class=\"elementor-widget-container\">\n\t\t\t\t\t<div class=\"ekit-wid-con\" >\n\t\t<div class=\"elementskit-image-comparison image-comparison-container\" data-offset=\"0.5\" data-overlay=\"\" data-label_after=\"Night\" data-label_before=\"Day\" data-move_slider_on_hover=\"\" data-click_to_move=\"true\">\n\t\t\t<img decoding=\"async\" src=\"https:\/\/danielfortin.fr\/wp-content\/uploads\/2022\/02\/Avant72dpi.png\" title=\"Photo d&rsquo;origine\" alt=\"Photo d&#039;origine\" loading=\"lazy\" \/><img decoding=\"async\" src=\"https:\/\/danielfortin.fr\/wp-content\/uploads\/2022\/02\/Apres72dpi.png\" title=\"Photomontage\" alt=\"Photomontage\" loading=\"lazy\" \/>\t\t<\/div>\n\n\t<\/div>\t\t\t\t<\/div>\n\t\t\t\t<\/div>\n\t\t\t\t\t<\/div>\n\t\t<\/div>\n\t\t\t\t\t<\/div>\n\t\t<\/section>\n\t\t\t\t<section class=\"elementor-section elementor-top-section elementor-element elementor-element-81dbc5c elementor-section-full_width elementor-section-height-default elementor-section-height-default\" data-id=\"81dbc5c\" data-element_type=\"section\" data-e-type=\"section\" data-settings=\"{&quot;background_background&quot;:&quot;classic&quot;}\">\n\t\t\t\t\t\t<div class=\"elementor-container elementor-column-gap-default\">\n\t\t\t\t\t<div class=\"elementor-column elementor-col-100 elementor-top-column elementor-element elementor-element-4ba920a\" data-id=\"4ba920a\" data-element_type=\"column\" data-e-type=\"column\">\n\t\t\t<div class=\"elementor-widget-wrap elementor-element-populated\">\n\t\t\t\t\t\t<div class=\"elementor-element elementor-element-62251af elementor-widget-divider--view-line elementor-widget elementor-widget-divider\" data-id=\"62251af\" data-element_type=\"widget\" data-e-type=\"widget\" data-widget_type=\"divider.default\">\n\t\t\t\t<div class=\"elementor-widget-container\">\n\t\t\t\t\t\t\t<div class=\"elementor-divider\">\n\t\t\t<span class=\"elementor-divider-separator\">\n\t\t\t\t\t\t<\/span>\n\t\t<\/div>\n\t\t\t\t\t\t<\/div>\n\t\t\t\t<\/div>\n\t\t\t\t<section class=\"elementor-section elementor-inner-section elementor-element elementor-element-fe32816 elementor-section-boxed elementor-section-height-default elementor-section-height-default\" data-id=\"fe32816\" data-element_type=\"section\" data-e-type=\"section\">\n\t\t\t\t\t\t<div class=\"elementor-container elementor-column-gap-default\">\n\t\t\t\t\t<div class=\"elementor-column elementor-col-33 elementor-inner-column elementor-element elementor-element-1739e10\" data-id=\"1739e10\" data-element_type=\"column\" data-e-type=\"column\">\n\t\t\t<div class=\"elementor-widget-wrap elementor-element-populated\">\n\t\t\t\t\t\t<div class=\"elementor-element elementor-element-52dcb97 elementor-align-left elementor-widget elementor-widget-button\" data-id=\"52dcb97\" data-element_type=\"widget\" data-e-type=\"widget\" data-widget_type=\"button.default\">\n\t\t\t\t<div class=\"elementor-widget-container\">\n\t\t\t\t\t\t\t\t\t<div class=\"elementor-button-wrapper\">\n\t\t\t\t\t<a class=\"elementor-button elementor-button-link elementor-size-xl\" href=\"\/index.php\/presentation\/\">\n\t\t\t\t\t\t<span class=\"elementor-button-content-wrapper\">\n\t\t\t\t\t\t<span class=\"elementor-button-icon\">\n\t\t\t\t<i aria-hidden=\"true\" class=\"fas fa-user\"><\/i>\t\t\t<\/span>\n\t\t\t\t\t\t\t\t\t<span class=\"elementor-button-text\">Pr\u00e9sentation<\/span>\n\t\t\t\t\t<\/span>\n\t\t\t\t\t<\/a>\n\t\t\t\t<\/div>\n\t\t\t\t\t\t\t\t<\/div>\n\t\t\t\t<\/div>\n\t\t\t\t\t<\/div>\n\t\t<\/div>\n\t\t\t\t<div class=\"elementor-column elementor-col-33 elementor-inner-column elementor-element elementor-element-bc2ec0b\" data-id=\"bc2ec0b\" data-element_type=\"column\" data-e-type=\"column\">\n\t\t\t<div class=\"elementor-widget-wrap elementor-element-populated\">\n\t\t\t\t\t\t<div class=\"elementor-element elementor-element-2f897f1 elementor-align-center elementor-widget elementor-widget-button\" data-id=\"2f897f1\" data-element_type=\"widget\" data-e-type=\"widget\" data-widget_type=\"button.default\">\n\t\t\t\t<div class=\"elementor-widget-container\">\n\t\t\t\t\t\t\t\t\t<div class=\"elementor-button-wrapper\">\n\t\t\t\t\t<a class=\"elementor-button elementor-button-link elementor-size-xl\" href=\"\/index.php\/portfolio\/\">\n\t\t\t\t\t\t<span class=\"elementor-button-content-wrapper\">\n\t\t\t\t\t\t<span class=\"elementor-button-icon\">\n\t\t\t\t<i aria-hidden=\"true\" class=\"fas fa-book-open\"><\/i>\t\t\t<\/span>\n\t\t\t\t\t\t\t\t\t<span class=\"elementor-button-text\">Portfolio<\/span>\n\t\t\t\t\t<\/span>\n\t\t\t\t\t<\/a>\n\t\t\t\t<\/div>\n\t\t\t\t\t\t\t\t<\/div>\n\t\t\t\t<\/div>\n\t\t\t\t\t<\/div>\n\t\t<\/div>\n\t\t\t\t<div class=\"elementor-column elementor-col-33 elementor-inner-column elementor-element elementor-element-bd64f14\" data-id=\"bd64f14\" data-element_type=\"column\" data-e-type=\"column\">\n\t\t\t<div class=\"elementor-widget-wrap elementor-element-populated\">\n\t\t\t\t\t\t<div class=\"elementor-element elementor-element-f9ee7ae elementor-align-right elementor-widget elementor-widget-button\" data-id=\"f9ee7ae\" data-element_type=\"widget\" data-e-type=\"widget\" data-widget_type=\"button.default\">\n\t\t\t\t<div class=\"elementor-widget-container\">\n\t\t\t\t\t\t\t\t\t<div class=\"elementor-button-wrapper\">\n\t\t\t\t\t<a class=\"elementor-button elementor-button-link elementor-size-xl\" href=\"\/index.php\/contact\/\">\n\t\t\t\t\t\t<span class=\"elementor-button-content-wrapper\">\n\t\t\t\t\t\t<span class=\"elementor-button-icon\">\n\t\t\t\t<i aria-hidden=\"true\" class=\"fas fa-envelope-open\"><\/i>\t\t\t<\/span>\n\t\t\t\t\t\t\t\t\t<span class=\"elementor-button-text\">Contact<\/span>\n\t\t\t\t\t<\/span>\n\t\t\t\t\t<\/a>\n\t\t\t\t<\/div>\n\t\t\t\t\t\t\t\t<\/div>\n\t\t\t\t<\/div>\n\t\t\t\t\t<\/div>\n\t\t<\/div>\n\t\t\t\t\t<\/div>\n\t\t<\/section>\n\t\t\t\t\t<\/div>\n\t\t<\/div>\n\t\t\t\t\t<\/div>\n\t\t<\/section>\n\t\t\t\t<\/div>\n\t\t","protected":false},"excerpt":{"rendered":"<p>Day \/ Night Photomontage Brief Transformer une photo prise de jour en photo de nuit.\u00a0 La lumi\u00e8re blanche de la lune et celle orang\u00e9e de l\u2019\u00e9clairage incandescent se disputent les reliefs d\u2019une vieille ville. Outils Adobe Photoshop Images sources : Maria Orlova (Pexels) et Joonas k\u00e4\u00e4ri\u00e4inen (Pexels) Pr\u00e9sentation Portfolio Contact<\/p>\n","protected":false},"author":1,"featured_media":0,"parent":0,"menu_order":0,"comment_status":"closed","ping_status":"closed","template":"","meta":{"_kad_post_transparent":"","_kad_post_title":"hide","_kad_post_layout":"fullwidth","_kad_post_sidebar_id":"","_kad_post_content_style":"unboxed","_kad_post_vertical_padding":"hide","_kad_post_feature":"hide","_kad_post_feature_position":"","_kad_post_header":false,"_kad_post_footer":false,"footnotes":""},"class_list":["post-829","page","type-page","status-publish","hentry"],"yoast_head":"<!-- This site is optimized with the Yoast SEO plugin v27.4 - https:\/\/yoast.com\/product\/yoast-seo-wordpress\/ -->\n<title>Day \/ Night - Daniel Fortin Design<\/title>\n<meta name=\"robots\" content=\"index, follow, max-snippet:-1, max-image-preview:large, max-video-preview:-1\" \/>\n<link rel=\"canonical\" href=\"https:\/\/danielfortin.fr\/index.php\/day-night\/\" \/>\n<meta property=\"og:locale\" content=\"fr_FR\" \/>\n<meta property=\"og:type\" content=\"article\" \/>\n<meta property=\"og:title\" content=\"Day \/ Night - Daniel Fortin Design\" \/>\n<meta property=\"og:description\" content=\"Day \/ Night Photomontage Brief Transformer une photo prise de jour en photo de nuit.\u00a0 La lumi\u00e8re blanche de la lune et celle orang\u00e9e de l\u2019\u00e9clairage incandescent se disputent les reliefs d\u2019une vieille ville. Outils Adobe Photoshop Images sources : Maria Orlova (Pexels) et Joonas k\u00e4\u00e4ri\u00e4inen (Pexels) Pr\u00e9sentation Portfolio Contact\" \/>\n<meta property=\"og:url\" content=\"https:\/\/danielfortin.fr\/index.php\/day-night\/\" \/>\n<meta property=\"og:site_name\" content=\"Daniel Fortin Design\" \/>\n<meta property=\"article:modified_time\" content=\"2022-03-29T21:45:29+00:00\" \/>\n<meta property=\"og:image\" content=\"https:\/\/danielfortin.fr\/wp-content\/uploads\/2022\/02\/Avant72dpi.png\" \/>\n<meta name=\"twitter:card\" content=\"summary_large_image\" \/>\n<meta name=\"twitter:label1\" content=\"Dur\u00e9e de lecture estim\u00e9e\" \/>\n\t<meta name=\"twitter:data1\" content=\"1 minute\" \/>\n<script type=\"application\/ld+json\" class=\"yoast-schema-graph\">{\"@context\":\"https:\\\/\\\/schema.org\",\"@graph\":[{\"@type\":\"WebPage\",\"@id\":\"https:\\\/\\\/danielfortin.fr\\\/index.php\\\/day-night\\\/\",\"url\":\"https:\\\/\\\/danielfortin.fr\\\/index.php\\\/day-night\\\/\",\"name\":\"Day \\\/ Night - Daniel Fortin Design\",\"isPartOf\":{\"@id\":\"https:\\\/\\\/danielfortin.fr\\\/#website\"},\"primaryImageOfPage\":{\"@id\":\"https:\\\/\\\/danielfortin.fr\\\/index.php\\\/day-night\\\/#primaryimage\"},\"image\":{\"@id\":\"https:\\\/\\\/danielfortin.fr\\\/index.php\\\/day-night\\\/#primaryimage\"},\"thumbnailUrl\":\"https:\\\/\\\/danielfortin.fr\\\/wp-content\\\/uploads\\\/2022\\\/02\\\/Avant72dpi.png\",\"datePublished\":\"2022-02-22T13:00:02+00:00\",\"dateModified\":\"2022-03-29T21:45:29+00:00\",\"breadcrumb\":{\"@id\":\"https:\\\/\\\/danielfortin.fr\\\/index.php\\\/day-night\\\/#breadcrumb\"},\"inLanguage\":\"fr-FR\",\"potentialAction\":[{\"@type\":\"ReadAction\",\"target\":[\"https:\\\/\\\/danielfortin.fr\\\/index.php\\\/day-night\\\/\"]}]},{\"@type\":\"ImageObject\",\"inLanguage\":\"fr-FR\",\"@id\":\"https:\\\/\\\/danielfortin.fr\\\/index.php\\\/day-night\\\/#primaryimage\",\"url\":\"https:\\\/\\\/danielfortin.fr\\\/wp-content\\\/uploads\\\/2022\\\/02\\\/Avant72dpi.png\",\"contentUrl\":\"https:\\\/\\\/danielfortin.fr\\\/wp-content\\\/uploads\\\/2022\\\/02\\\/Avant72dpi.png\",\"width\":960,\"height\":1440,\"caption\":\"Photo d'origine\"},{\"@type\":\"BreadcrumbList\",\"@id\":\"https:\\\/\\\/danielfortin.fr\\\/index.php\\\/day-night\\\/#breadcrumb\",\"itemListElement\":[{\"@type\":\"ListItem\",\"position\":1,\"name\":\"Accueil\",\"item\":\"https:\\\/\\\/danielfortin.fr\\\/\"},{\"@type\":\"ListItem\",\"position\":2,\"name\":\"Day \\\/ Night\"}]},{\"@type\":\"WebSite\",\"@id\":\"https:\\\/\\\/danielfortin.fr\\\/#website\",\"url\":\"https:\\\/\\\/danielfortin.fr\\\/\",\"name\":\"Daniel Fortin Design\",\"description\":\"Graphisme\",\"publisher\":{\"@id\":\"https:\\\/\\\/danielfortin.fr\\\/#organization\"},\"potentialAction\":[{\"@type\":\"SearchAction\",\"target\":{\"@type\":\"EntryPoint\",\"urlTemplate\":\"https:\\\/\\\/danielfortin.fr\\\/?s={search_term_string}\"},\"query-input\":{\"@type\":\"PropertyValueSpecification\",\"valueRequired\":true,\"valueName\":\"search_term_string\"}}],\"inLanguage\":\"fr-FR\"},{\"@type\":\"Organization\",\"@id\":\"https:\\\/\\\/danielfortin.fr\\\/#organization\",\"name\":\"Daniel Fortin Design\",\"url\":\"https:\\\/\\\/danielfortin.fr\\\/\",\"logo\":{\"@type\":\"ImageObject\",\"inLanguage\":\"fr-FR\",\"@id\":\"https:\\\/\\\/danielfortin.fr\\\/#\\\/schema\\\/logo\\\/image\\\/\",\"url\":\"https:\\\/\\\/danielfortin.fr\\\/wp-content\\\/uploads\\\/2022\\\/02\\\/Logo-Daniel-Fortin-Alpha.png\",\"contentUrl\":\"https:\\\/\\\/danielfortin.fr\\\/wp-content\\\/uploads\\\/2022\\\/02\\\/Logo-Daniel-Fortin-Alpha.png\",\"width\":339,\"height\":164,\"caption\":\"Daniel Fortin Design\"},\"image\":{\"@id\":\"https:\\\/\\\/danielfortin.fr\\\/#\\\/schema\\\/logo\\\/image\\\/\"}}]}<\/script>\n<!-- \/ Yoast SEO plugin. -->","yoast_head_json":{"title":"Day \/ Night - Daniel Fortin Design","robots":{"index":"index","follow":"follow","max-snippet":"max-snippet:-1","max-image-preview":"max-image-preview:large","max-video-preview":"max-video-preview:-1"},"canonical":"https:\/\/danielfortin.fr\/index.php\/day-night\/","og_locale":"fr_FR","og_type":"article","og_title":"Day \/ Night - Daniel Fortin Design","og_description":"Day \/ Night Photomontage Brief Transformer une photo prise de jour en photo de nuit.\u00a0 La lumi\u00e8re blanche de la lune et celle orang\u00e9e de l\u2019\u00e9clairage incandescent se disputent les reliefs d\u2019une vieille ville. Outils Adobe Photoshop Images sources : Maria Orlova (Pexels) et Joonas k\u00e4\u00e4ri\u00e4inen (Pexels) Pr\u00e9sentation Portfolio Contact","og_url":"https:\/\/danielfortin.fr\/index.php\/day-night\/","og_site_name":"Daniel Fortin Design","article_modified_time":"2022-03-29T21:45:29+00:00","og_image":[{"url":"https:\/\/danielfortin.fr\/wp-content\/uploads\/2022\/02\/Avant72dpi.png","type":"","width":"","height":""}],"twitter_card":"summary_large_image","twitter_misc":{"Dur\u00e9e de lecture estim\u00e9e":"1 minute"},"schema":{"@context":"https:\/\/schema.org","@graph":[{"@type":"WebPage","@id":"https:\/\/danielfortin.fr\/index.php\/day-night\/","url":"https:\/\/danielfortin.fr\/index.php\/day-night\/","name":"Day \/ Night - Daniel Fortin Design","isPartOf":{"@id":"https:\/\/danielfortin.fr\/#website"},"primaryImageOfPage":{"@id":"https:\/\/danielfortin.fr\/index.php\/day-night\/#primaryimage"},"image":{"@id":"https:\/\/danielfortin.fr\/index.php\/day-night\/#primaryimage"},"thumbnailUrl":"https:\/\/danielfortin.fr\/wp-content\/uploads\/2022\/02\/Avant72dpi.png","datePublished":"2022-02-22T13:00:02+00:00","dateModified":"2022-03-29T21:45:29+00:00","breadcrumb":{"@id":"https:\/\/danielfortin.fr\/index.php\/day-night\/#breadcrumb"},"inLanguage":"fr-FR","potentialAction":[{"@type":"ReadAction","target":["https:\/\/danielfortin.fr\/index.php\/day-night\/"]}]},{"@type":"ImageObject","inLanguage":"fr-FR","@id":"https:\/\/danielfortin.fr\/index.php\/day-night\/#primaryimage","url":"https:\/\/danielfortin.fr\/wp-content\/uploads\/2022\/02\/Avant72dpi.png","contentUrl":"https:\/\/danielfortin.fr\/wp-content\/uploads\/2022\/02\/Avant72dpi.png","width":960,"height":1440,"caption":"Photo d'origine"},{"@type":"BreadcrumbList","@id":"https:\/\/danielfortin.fr\/index.php\/day-night\/#breadcrumb","itemListElement":[{"@type":"ListItem","position":1,"name":"Accueil","item":"https:\/\/danielfortin.fr\/"},{"@type":"ListItem","position":2,"name":"Day \/ Night"}]},{"@type":"WebSite","@id":"https:\/\/danielfortin.fr\/#website","url":"https:\/\/danielfortin.fr\/","name":"Daniel Fortin Design","description":"Graphisme","publisher":{"@id":"https:\/\/danielfortin.fr\/#organization"},"potentialAction":[{"@type":"SearchAction","target":{"@type":"EntryPoint","urlTemplate":"https:\/\/danielfortin.fr\/?s={search_term_string}"},"query-input":{"@type":"PropertyValueSpecification","valueRequired":true,"valueName":"search_term_string"}}],"inLanguage":"fr-FR"},{"@type":"Organization","@id":"https:\/\/danielfortin.fr\/#organization","name":"Daniel Fortin Design","url":"https:\/\/danielfortin.fr\/","logo":{"@type":"ImageObject","inLanguage":"fr-FR","@id":"https:\/\/danielfortin.fr\/#\/schema\/logo\/image\/","url":"https:\/\/danielfortin.fr\/wp-content\/uploads\/2022\/02\/Logo-Daniel-Fortin-Alpha.png","contentUrl":"https:\/\/danielfortin.fr\/wp-content\/uploads\/2022\/02\/Logo-Daniel-Fortin-Alpha.png","width":339,"height":164,"caption":"Daniel Fortin Design"},"image":{"@id":"https:\/\/danielfortin.fr\/#\/schema\/logo\/image\/"}}]}},"_links":{"self":[{"href":"https:\/\/danielfortin.fr\/index.php\/wp-json\/wp\/v2\/pages\/829","targetHints":{"allow":["GET"]}}],"collection":[{"href":"https:\/\/danielfortin.fr\/index.php\/wp-json\/wp\/v2\/pages"}],"about":[{"href":"https:\/\/danielfortin.fr\/index.php\/wp-json\/wp\/v2\/types\/page"}],"author":[{"embeddable":true,"href":"https:\/\/danielfortin.fr\/index.php\/wp-json\/wp\/v2\/users\/1"}],"replies":[{"embeddable":true,"href":"https:\/\/danielfortin.fr\/index.php\/wp-json\/wp\/v2\/comments?post=829"}],"version-history":[{"count":94,"href":"https:\/\/danielfortin.fr\/index.php\/wp-json\/wp\/v2\/pages\/829\/revisions"}],"predecessor-version":[{"id":1999,"href":"https:\/\/danielfortin.fr\/index.php\/wp-json\/wp\/v2\/pages\/829\/revisions\/1999"}],"wp:attachment":[{"href":"https:\/\/danielfortin.fr\/index.php\/wp-json\/wp\/v2\/media?parent=829"}],"curies":[{"name":"wp","href":"https:\/\/api.w.org\/{rel}","templated":true}]}}