{"id":1098,"date":"2022-02-23T10:38:17","date_gmt":"2022-02-23T09:38:17","guid":{"rendered":"https:\/\/danielfortin.fr\/?page_id=1098"},"modified":"2022-03-30T22:38:07","modified_gmt":"2022-03-30T20:38:07","slug":"presentation","status":"publish","type":"page","link":"https:\/\/danielfortin.fr\/index.php\/presentation\/","title":{"rendered":"Pr\u00e9sentation"},"content":{"rendered":"\t\t<div data-elementor-type=\"wp-page\" data-elementor-id=\"1098\" class=\"elementor elementor-1098\">\n\t\t\t\t\t\t<section class=\"elementor-section elementor-top-section elementor-element elementor-element-939e4d8 elementor-section-full_width elementor-section-height-default elementor-section-height-default\" data-id=\"939e4d8\" data-element_type=\"section\" data-e-type=\"section\">\n\t\t\t\t\t\t<div class=\"elementor-container elementor-column-gap-default\">\n\t\t\t\t\t<div class=\"elementor-column elementor-col-100 elementor-top-column elementor-element elementor-element-e07adb3\" data-id=\"e07adb3\" data-element_type=\"column\" data-e-type=\"column\">\n\t\t\t<div class=\"elementor-widget-wrap elementor-element-populated\">\n\t\t\t\t\t\t<div class=\"elementor-element elementor-element-d754d18 elementor-widget elementor-widget-text-editor\" data-id=\"d754d18\" data-element_type=\"widget\" data-e-type=\"widget\" data-widget_type=\"text-editor.default\">\n\t\t\t\t<div class=\"elementor-widget-container\">\n\t\t\t\t\t\t\t\t\t<p>Bonjour<\/p>\t\t\t\t\t\t\t\t<\/div>\n\t\t\t\t<\/div>\n\t\t\t\t\t<\/div>\n\t\t<\/div>\n\t\t\t\t\t<\/div>\n\t\t<\/section>\n\t\t\t\t<section class=\"elementor-section elementor-top-section elementor-element elementor-element-90ce6b0 elementor-section-full_width elementor-section-height-default elementor-section-height-default\" data-id=\"90ce6b0\" data-element_type=\"section\" data-e-type=\"section\">\n\t\t\t\t\t\t<div class=\"elementor-container elementor-column-gap-default\">\n\t\t\t\t\t<div class=\"elementor-column elementor-col-50 elementor-top-column elementor-element elementor-element-3460378\" data-id=\"3460378\" data-element_type=\"column\" data-e-type=\"column\">\n\t\t\t<div class=\"elementor-widget-wrap elementor-element-populated\">\n\t\t\t\t\t\t<div class=\"elementor-element elementor-element-284e0ad elementor-widget elementor-widget-spacer\" data-id=\"284e0ad\" data-element_type=\"widget\" data-e-type=\"widget\" data-widget_type=\"spacer.default\">\n\t\t\t\t<div class=\"elementor-widget-container\">\n\t\t\t\t\t\t\t<div class=\"elementor-spacer\">\n\t\t\t<div class=\"elementor-spacer-inner\"><\/div>\n\t\t<\/div>\n\t\t\t\t\t\t<\/div>\n\t\t\t\t<\/div>\n\t\t\t\t\t<\/div>\n\t\t<\/div>\n\t\t\t\t<div class=\"elementor-column elementor-col-50 elementor-top-column elementor-element elementor-element-98cb306\" data-id=\"98cb306\" data-element_type=\"column\" data-e-type=\"column\">\n\t\t\t<div class=\"elementor-widget-wrap elementor-element-populated\">\n\t\t\t\t\t\t<div class=\"elementor-element elementor-element-3da9652 elementor-widget elementor-widget-text-editor\" data-id=\"3da9652\" data-element_type=\"widget\" data-e-type=\"widget\" data-widget_type=\"text-editor.default\">\n\t\t\t\t<div class=\"elementor-widget-container\">\n\t\t\t\t\t\t\t\t\t<p>Moiti\u00e9 qu\u00e9b\u00e9cois, moiti\u00e9 fran\u00e7ais.&nbsp;&nbsp;&nbsp;&nbsp;&nbsp;&nbsp; &nbsp; &nbsp; &nbsp; &nbsp; &nbsp;&nbsp; &nbsp; <br>Un peu artiste, un peu artisan, un peu technicien.&nbsp;&nbsp;&nbsp;&nbsp; &nbsp;&nbsp; &nbsp; &nbsp; &nbsp; &nbsp;&nbsp; &nbsp;&nbsp; <br>Un jour intello, un autre jour bricolo.&nbsp;&nbsp;&nbsp;&nbsp;&nbsp;&nbsp;&nbsp;&nbsp;&nbsp;&nbsp; &nbsp; &nbsp;&nbsp;&nbsp;&nbsp;&nbsp; <br>J&rsquo;ai eu un atelier de meubles qui s&rsquo;appelait \u00ab\u00a0Entre 2 Chaises\u00a0\u00bb, c&rsquo;est dire. &nbsp; &nbsp; &nbsp; &nbsp; &nbsp; &nbsp; &nbsp; &nbsp;&nbsp;<\/p>\n<p>Le design a toujours \u00e9t\u00e9 autour de ma vie, sans que j&rsquo;ose en faire un c\u0153ur de m\u00e9tier. &nbsp; &nbsp;&nbsp; &nbsp; &nbsp; &nbsp;&nbsp;&nbsp;&nbsp; <br>Toujours un \u0153il qui scrute et une main qui fa\u00e7onne. &nbsp; &nbsp; &nbsp; &nbsp;&nbsp;&nbsp;<\/p>\n<p>Sans cesse le souci de bien pr\u00e9senter les choses,&nbsp;&nbsp;&nbsp;&nbsp;&nbsp;&nbsp; <br>en plus de concevoir des \u00e9l\u00e9ments fonctionnels. &nbsp;&nbsp; <\/p>\n<p>J&rsquo;ai besoin de faire bien et beau.<\/p>\t\t\t\t\t\t\t\t<\/div>\n\t\t\t\t<\/div>\n\t\t\t\t<div class=\"elementor-element elementor-element-1ef1fc9 elementor-widget elementor-widget-spacer\" data-id=\"1ef1fc9\" data-element_type=\"widget\" data-e-type=\"widget\" data-widget_type=\"spacer.default\">\n\t\t\t\t<div class=\"elementor-widget-container\">\n\t\t\t\t\t\t\t<div class=\"elementor-spacer\">\n\t\t\t<div class=\"elementor-spacer-inner\"><\/div>\n\t\t<\/div>\n\t\t\t\t\t\t<\/div>\n\t\t\t\t<\/div>\n\t\t\t\t<div class=\"elementor-element elementor-element-ce30311 elementor-widget elementor-widget-text-editor\" data-id=\"ce30311\" data-element_type=\"widget\" data-e-type=\"widget\" data-widget_type=\"text-editor.default\">\n\t\t\t\t<div class=\"elementor-widget-container\">\n\t\t\t\t\t\t\t\t\t<p>Aujourd&rsquo;hui je mets les pieds dans le plat du design graphique.<br \/>\u00c7a me branche, je m&rsquo;y sens chez moi.<br \/><br \/>Je ne sais pas pourquoi je n&rsquo;y suis pas entr\u00e9 plus t\u00f4t.<br \/><br \/>Je vous laisse ci-dessous une petite vid\u00e9o qui pr\u00e9sente ma mani\u00e8re de travailler.<br \/>Et ailleurs sur ce site, un portfolio r\u00e9cent.<br \/><br \/>Bonne visite.<\/p>\t\t\t\t\t\t\t\t<\/div>\n\t\t\t\t<\/div>\n\t\t\t\t<div class=\"elementor-element elementor-element-edd491b elementor-widget elementor-widget-spacer\" data-id=\"edd491b\" data-element_type=\"widget\" data-e-type=\"widget\" data-widget_type=\"spacer.default\">\n\t\t\t\t<div class=\"elementor-widget-container\">\n\t\t\t\t\t\t\t<div class=\"elementor-spacer\">\n\t\t\t<div class=\"elementor-spacer-inner\"><\/div>\n\t\t<\/div>\n\t\t\t\t\t\t<\/div>\n\t\t\t\t<\/div>\n\t\t\t\t<div class=\"elementor-element elementor-element-f8228fa elementor-view-default elementor-widget elementor-widget-icon\" data-id=\"f8228fa\" data-element_type=\"widget\" data-e-type=\"widget\" data-widget_type=\"icon.default\">\n\t\t\t\t<div class=\"elementor-widget-container\">\n\t\t\t\t\t\t\t<div class=\"elementor-icon-wrapper\">\n\t\t\t<a class=\"elementor-icon\" href=\"https:\/\/www.youtube.com\/watch?v=op6KRjZ8K6w\" target=\"_blank\">\n\t\t\t<i aria-hidden=\"true\" class=\"icon icon-film-play\"><\/i>\t\t\t<\/a>\n\t\t<\/div>\n\t\t\t\t\t\t<\/div>\n\t\t\t\t<\/div>\n\t\t\t\t\t<\/div>\n\t\t<\/div>\n\t\t\t\t\t<\/div>\n\t\t<\/section>\n\t\t\t\t<section class=\"elementor-section elementor-top-section elementor-element elementor-element-1a4cca4 elementor-section-full_width elementor-section-height-default elementor-section-height-default\" data-id=\"1a4cca4\" data-element_type=\"section\" data-e-type=\"section\" data-settings=\"{&quot;background_background&quot;:&quot;classic&quot;}\">\n\t\t\t\t\t\t<div class=\"elementor-container elementor-column-gap-default\">\n\t\t\t\t\t<div class=\"elementor-column elementor-col-100 elementor-top-column elementor-element elementor-element-6f4d19f\" data-id=\"6f4d19f\" data-element_type=\"column\" data-e-type=\"column\">\n\t\t\t<div class=\"elementor-widget-wrap elementor-element-populated\">\n\t\t\t\t\t\t<div class=\"elementor-element elementor-element-3134ff2 elementor-widget-divider--view-line elementor-widget elementor-widget-divider\" data-id=\"3134ff2\" data-element_type=\"widget\" data-e-type=\"widget\" data-widget_type=\"divider.default\">\n\t\t\t\t<div class=\"elementor-widget-container\">\n\t\t\t\t\t\t\t<div class=\"elementor-divider\">\n\t\t\t<span class=\"elementor-divider-separator\">\n\t\t\t\t\t\t<\/span>\n\t\t<\/div>\n\t\t\t\t\t\t<\/div>\n\t\t\t\t<\/div>\n\t\t\t\t<section class=\"elementor-section elementor-inner-section elementor-element elementor-element-be944f0 elementor-section-full_width elementor-section-height-default elementor-section-height-default\" data-id=\"be944f0\" data-element_type=\"section\" data-e-type=\"section\">\n\t\t\t\t\t\t<div class=\"elementor-container elementor-column-gap-default\">\n\t\t\t\t\t<div class=\"elementor-column elementor-col-50 elementor-inner-column elementor-element elementor-element-fa2052c\" data-id=\"fa2052c\" data-element_type=\"column\" data-e-type=\"column\">\n\t\t\t<div class=\"elementor-widget-wrap elementor-element-populated\">\n\t\t\t\t\t\t<div class=\"elementor-element elementor-element-bb0db61 elementor-align-left elementor-widget elementor-widget-button\" data-id=\"bb0db61\" data-element_type=\"widget\" data-e-type=\"widget\" data-widget_type=\"button.default\">\n\t\t\t\t<div class=\"elementor-widget-container\">\n\t\t\t\t\t\t\t\t\t<div class=\"elementor-button-wrapper\">\n\t\t\t\t\t<a class=\"elementor-button elementor-button-link elementor-size-xl\" href=\"\/index.php\/portfolio\/\">\n\t\t\t\t\t\t<span class=\"elementor-button-content-wrapper\">\n\t\t\t\t\t\t<span class=\"elementor-button-icon\">\n\t\t\t\t<i aria-hidden=\"true\" class=\"fas fa-book-open\"><\/i>\t\t\t<\/span>\n\t\t\t\t\t\t\t\t\t<span class=\"elementor-button-text\">Portfolio<\/span>\n\t\t\t\t\t<\/span>\n\t\t\t\t\t<\/a>\n\t\t\t\t<\/div>\n\t\t\t\t\t\t\t\t<\/div>\n\t\t\t\t<\/div>\n\t\t\t\t\t<\/div>\n\t\t<\/div>\n\t\t\t\t<div class=\"elementor-column elementor-col-50 elementor-inner-column elementor-element elementor-element-5217aba\" data-id=\"5217aba\" data-element_type=\"column\" data-e-type=\"column\">\n\t\t\t<div class=\"elementor-widget-wrap elementor-element-populated\">\n\t\t\t\t\t\t<div class=\"elementor-element elementor-element-e17ed57 elementor-align-right elementor-widget elementor-widget-button\" data-id=\"e17ed57\" data-element_type=\"widget\" data-e-type=\"widget\" data-widget_type=\"button.default\">\n\t\t\t\t<div class=\"elementor-widget-container\">\n\t\t\t\t\t\t\t\t\t<div class=\"elementor-button-wrapper\">\n\t\t\t\t\t<a class=\"elementor-button elementor-button-link elementor-size-xl\" href=\"\/index.php\/contact\/\">\n\t\t\t\t\t\t<span class=\"elementor-button-content-wrapper\">\n\t\t\t\t\t\t<span class=\"elementor-button-icon\">\n\t\t\t\t<i aria-hidden=\"true\" class=\"fas fa-envelope-open\"><\/i>\t\t\t<\/span>\n\t\t\t\t\t\t\t\t\t<span class=\"elementor-button-text\">Contact<\/span>\n\t\t\t\t\t<\/span>\n\t\t\t\t\t<\/a>\n\t\t\t\t<\/div>\n\t\t\t\t\t\t\t\t<\/div>\n\t\t\t\t<\/div>\n\t\t\t\t\t<\/div>\n\t\t<\/div>\n\t\t\t\t\t<\/div>\n\t\t<\/section>\n\t\t\t\t\t<\/div>\n\t\t<\/div>\n\t\t\t\t\t<\/div>\n\t\t<\/section>\n\t\t\t\t<\/div>\n\t\t","protected":false},"excerpt":{"rendered":"<p>Bonjour Moiti\u00e9 qu\u00e9b\u00e9cois, moiti\u00e9 fran\u00e7ais.&nbsp;&nbsp;&nbsp;&nbsp;&nbsp;&nbsp; &nbsp; &nbsp; &nbsp; &nbsp; &nbsp;&nbsp; &nbsp; Un peu artiste, un peu artisan, un peu technicien.&nbsp;&nbsp;&nbsp;&nbsp; &nbsp;&nbsp; &nbsp; &nbsp; &nbsp; &nbsp;&nbsp; &nbsp;&nbsp; Un jour intello, un autre jour bricolo.&nbsp;&nbsp;&nbsp;&nbsp;&nbsp;&nbsp;&nbsp;&nbsp;&nbsp;&nbsp; &nbsp; &nbsp;&nbsp;&nbsp;&nbsp;&nbsp; J&rsquo;ai eu un atelier de meubles qui s&rsquo;appelait \u00ab\u00a0Entre 2 Chaises\u00a0\u00bb, c&rsquo;est dire. &nbsp; &nbsp; &nbsp; &nbsp; &nbsp; &nbsp; &nbsp;&#8230;<\/p>\n","protected":false},"author":1,"featured_media":0,"parent":0,"menu_order":0,"comment_status":"closed","ping_status":"closed","template":"","meta":{"_kad_post_transparent":"","_kad_post_title":"hide","_kad_post_layout":"fullwidth","_kad_post_sidebar_id":"","_kad_post_content_style":"unboxed","_kad_post_vertical_padding":"hide","_kad_post_feature":"hide","_kad_post_feature_position":"","_kad_post_header":false,"_kad_post_footer":false,"footnotes":""},"class_list":["post-1098","page","type-page","status-publish","hentry"],"yoast_head":"<!-- This site is optimized with the Yoast SEO plugin v27.4 - https:\/\/yoast.com\/product\/yoast-seo-wordpress\/ -->\n<title>Pr\u00e9sentation - Daniel Fortin Design<\/title>\n<meta name=\"robots\" content=\"index, follow, max-snippet:-1, max-image-preview:large, max-video-preview:-1\" \/>\n<link rel=\"canonical\" href=\"https:\/\/danielfortin.fr\/index.php\/presentation\/\" \/>\n<meta property=\"og:locale\" content=\"fr_FR\" \/>\n<meta property=\"og:type\" content=\"article\" \/>\n<meta property=\"og:title\" content=\"Pr\u00e9sentation - Daniel Fortin Design\" \/>\n<meta property=\"og:description\" content=\"Bonjour Moiti\u00e9 qu\u00e9b\u00e9cois, moiti\u00e9 fran\u00e7ais.&nbsp;&nbsp;&nbsp;&nbsp;&nbsp;&nbsp; &nbsp; &nbsp; &nbsp; &nbsp; &nbsp;&nbsp; &nbsp; Un peu artiste, un peu artisan, un peu technicien.&nbsp;&nbsp;&nbsp;&nbsp; &nbsp;&nbsp; &nbsp; &nbsp; &nbsp; &nbsp;&nbsp; &nbsp;&nbsp; Un jour intello, un autre jour bricolo.&nbsp;&nbsp;&nbsp;&nbsp;&nbsp;&nbsp;&nbsp;&nbsp;&nbsp;&nbsp; &nbsp; &nbsp;&nbsp;&nbsp;&nbsp;&nbsp; J&rsquo;ai eu un atelier de meubles qui s&rsquo;appelait \u00ab\u00a0Entre 2 Chaises\u00a0\u00bb, c&rsquo;est dire. &nbsp; &nbsp; &nbsp; &nbsp; &nbsp; &nbsp; &nbsp;...\" \/>\n<meta property=\"og:url\" content=\"https:\/\/danielfortin.fr\/index.php\/presentation\/\" \/>\n<meta property=\"og:site_name\" content=\"Daniel Fortin Design\" \/>\n<meta property=\"article:modified_time\" content=\"2022-03-30T20:38:07+00:00\" \/>\n<meta property=\"og:image\" content=\"https:\/\/danielfortin.fr\/wp-content\/uploads\/2022\/02\/Logo-Daniel-Fortin.png\" \/>\n\t<meta property=\"og:image:width\" content=\"960\" \/>\n\t<meta property=\"og:image:height\" content=\"540\" \/>\n\t<meta property=\"og:image:type\" content=\"image\/png\" \/>\n<meta name=\"twitter:card\" content=\"summary_large_image\" \/>\n<meta name=\"twitter:label1\" content=\"Dur\u00e9e de lecture estim\u00e9e\" \/>\n\t<meta name=\"twitter:data1\" content=\"1 minute\" \/>\n<script type=\"application\/ld+json\" class=\"yoast-schema-graph\">{\"@context\":\"https:\\\/\\\/schema.org\",\"@graph\":[{\"@type\":\"WebPage\",\"@id\":\"https:\\\/\\\/danielfortin.fr\\\/index.php\\\/presentation\\\/\",\"url\":\"https:\\\/\\\/danielfortin.fr\\\/index.php\\\/presentation\\\/\",\"name\":\"Pr\u00e9sentation - Daniel Fortin Design\",\"isPartOf\":{\"@id\":\"https:\\\/\\\/danielfortin.fr\\\/#website\"},\"datePublished\":\"2022-02-23T09:38:17+00:00\",\"dateModified\":\"2022-03-30T20:38:07+00:00\",\"breadcrumb\":{\"@id\":\"https:\\\/\\\/danielfortin.fr\\\/index.php\\\/presentation\\\/#breadcrumb\"},\"inLanguage\":\"fr-FR\",\"potentialAction\":[{\"@type\":\"ReadAction\",\"target\":[\"https:\\\/\\\/danielfortin.fr\\\/index.php\\\/presentation\\\/\"]}]},{\"@type\":\"BreadcrumbList\",\"@id\":\"https:\\\/\\\/danielfortin.fr\\\/index.php\\\/presentation\\\/#breadcrumb\",\"itemListElement\":[{\"@type\":\"ListItem\",\"position\":1,\"name\":\"Accueil\",\"item\":\"https:\\\/\\\/danielfortin.fr\\\/\"},{\"@type\":\"ListItem\",\"position\":2,\"name\":\"Pr\u00e9sentation\"}]},{\"@type\":\"WebSite\",\"@id\":\"https:\\\/\\\/danielfortin.fr\\\/#website\",\"url\":\"https:\\\/\\\/danielfortin.fr\\\/\",\"name\":\"Daniel Fortin Design\",\"description\":\"Graphisme\",\"publisher\":{\"@id\":\"https:\\\/\\\/danielfortin.fr\\\/#organization\"},\"potentialAction\":[{\"@type\":\"SearchAction\",\"target\":{\"@type\":\"EntryPoint\",\"urlTemplate\":\"https:\\\/\\\/danielfortin.fr\\\/?s={search_term_string}\"},\"query-input\":{\"@type\":\"PropertyValueSpecification\",\"valueRequired\":true,\"valueName\":\"search_term_string\"}}],\"inLanguage\":\"fr-FR\"},{\"@type\":\"Organization\",\"@id\":\"https:\\\/\\\/danielfortin.fr\\\/#organization\",\"name\":\"Daniel Fortin Design\",\"url\":\"https:\\\/\\\/danielfortin.fr\\\/\",\"logo\":{\"@type\":\"ImageObject\",\"inLanguage\":\"fr-FR\",\"@id\":\"https:\\\/\\\/danielfortin.fr\\\/#\\\/schema\\\/logo\\\/image\\\/\",\"url\":\"https:\\\/\\\/danielfortin.fr\\\/wp-content\\\/uploads\\\/2022\\\/02\\\/Logo-Daniel-Fortin-Alpha.png\",\"contentUrl\":\"https:\\\/\\\/danielfortin.fr\\\/wp-content\\\/uploads\\\/2022\\\/02\\\/Logo-Daniel-Fortin-Alpha.png\",\"width\":339,\"height\":164,\"caption\":\"Daniel Fortin Design\"},\"image\":{\"@id\":\"https:\\\/\\\/danielfortin.fr\\\/#\\\/schema\\\/logo\\\/image\\\/\"}}]}<\/script>\n<!-- \/ Yoast SEO plugin. -->","yoast_head_json":{"title":"Pr\u00e9sentation - Daniel Fortin Design","robots":{"index":"index","follow":"follow","max-snippet":"max-snippet:-1","max-image-preview":"max-image-preview:large","max-video-preview":"max-video-preview:-1"},"canonical":"https:\/\/danielfortin.fr\/index.php\/presentation\/","og_locale":"fr_FR","og_type":"article","og_title":"Pr\u00e9sentation - Daniel Fortin Design","og_description":"Bonjour Moiti\u00e9 qu\u00e9b\u00e9cois, moiti\u00e9 fran\u00e7ais.&nbsp;&nbsp;&nbsp;&nbsp;&nbsp;&nbsp; &nbsp; &nbsp; &nbsp; &nbsp; &nbsp;&nbsp; &nbsp; Un peu artiste, un peu artisan, un peu technicien.&nbsp;&nbsp;&nbsp;&nbsp; &nbsp;&nbsp; &nbsp; &nbsp; &nbsp; &nbsp;&nbsp; &nbsp;&nbsp; Un jour intello, un autre jour bricolo.&nbsp;&nbsp;&nbsp;&nbsp;&nbsp;&nbsp;&nbsp;&nbsp;&nbsp;&nbsp; &nbsp; &nbsp;&nbsp;&nbsp;&nbsp;&nbsp; J&rsquo;ai eu un atelier de meubles qui s&rsquo;appelait \u00ab\u00a0Entre 2 Chaises\u00a0\u00bb, c&rsquo;est dire. &nbsp; &nbsp; &nbsp; &nbsp; &nbsp; &nbsp; &nbsp;...","og_url":"https:\/\/danielfortin.fr\/index.php\/presentation\/","og_site_name":"Daniel Fortin Design","article_modified_time":"2022-03-30T20:38:07+00:00","og_image":[{"width":960,"height":540,"url":"https:\/\/danielfortin.fr\/wp-content\/uploads\/2022\/02\/Logo-Daniel-Fortin.png","type":"image\/png"}],"twitter_card":"summary_large_image","twitter_misc":{"Dur\u00e9e de lecture estim\u00e9e":"1 minute"},"schema":{"@context":"https:\/\/schema.org","@graph":[{"@type":"WebPage","@id":"https:\/\/danielfortin.fr\/index.php\/presentation\/","url":"https:\/\/danielfortin.fr\/index.php\/presentation\/","name":"Pr\u00e9sentation - Daniel Fortin Design","isPartOf":{"@id":"https:\/\/danielfortin.fr\/#website"},"datePublished":"2022-02-23T09:38:17+00:00","dateModified":"2022-03-30T20:38:07+00:00","breadcrumb":{"@id":"https:\/\/danielfortin.fr\/index.php\/presentation\/#breadcrumb"},"inLanguage":"fr-FR","potentialAction":[{"@type":"ReadAction","target":["https:\/\/danielfortin.fr\/index.php\/presentation\/"]}]},{"@type":"BreadcrumbList","@id":"https:\/\/danielfortin.fr\/index.php\/presentation\/#breadcrumb","itemListElement":[{"@type":"ListItem","position":1,"name":"Accueil","item":"https:\/\/danielfortin.fr\/"},{"@type":"ListItem","position":2,"name":"Pr\u00e9sentation"}]},{"@type":"WebSite","@id":"https:\/\/danielfortin.fr\/#website","url":"https:\/\/danielfortin.fr\/","name":"Daniel Fortin Design","description":"Graphisme","publisher":{"@id":"https:\/\/danielfortin.fr\/#organization"},"potentialAction":[{"@type":"SearchAction","target":{"@type":"EntryPoint","urlTemplate":"https:\/\/danielfortin.fr\/?s={search_term_string}"},"query-input":{"@type":"PropertyValueSpecification","valueRequired":true,"valueName":"search_term_string"}}],"inLanguage":"fr-FR"},{"@type":"Organization","@id":"https:\/\/danielfortin.fr\/#organization","name":"Daniel Fortin Design","url":"https:\/\/danielfortin.fr\/","logo":{"@type":"ImageObject","inLanguage":"fr-FR","@id":"https:\/\/danielfortin.fr\/#\/schema\/logo\/image\/","url":"https:\/\/danielfortin.fr\/wp-content\/uploads\/2022\/02\/Logo-Daniel-Fortin-Alpha.png","contentUrl":"https:\/\/danielfortin.fr\/wp-content\/uploads\/2022\/02\/Logo-Daniel-Fortin-Alpha.png","width":339,"height":164,"caption":"Daniel Fortin Design"},"image":{"@id":"https:\/\/danielfortin.fr\/#\/schema\/logo\/image\/"}}]}},"_links":{"self":[{"href":"https:\/\/danielfortin.fr\/index.php\/wp-json\/wp\/v2\/pages\/1098","targetHints":{"allow":["GET"]}}],"collection":[{"href":"https:\/\/danielfortin.fr\/index.php\/wp-json\/wp\/v2\/pages"}],"about":[{"href":"https:\/\/danielfortin.fr\/index.php\/wp-json\/wp\/v2\/types\/page"}],"author":[{"embeddable":true,"href":"https:\/\/danielfortin.fr\/index.php\/wp-json\/wp\/v2\/users\/1"}],"replies":[{"embeddable":true,"href":"https:\/\/danielfortin.fr\/index.php\/wp-json\/wp\/v2\/comments?post=1098"}],"version-history":[{"count":247,"href":"https:\/\/danielfortin.fr\/index.php\/wp-json\/wp\/v2\/pages\/1098\/revisions"}],"predecessor-version":[{"id":2030,"href":"https:\/\/danielfortin.fr\/index.php\/wp-json\/wp\/v2\/pages\/1098\/revisions\/2030"}],"wp:attachment":[{"href":"https:\/\/danielfortin.fr\/index.php\/wp-json\/wp\/v2\/media?parent=1098"}],"curies":[{"name":"wp","href":"https:\/\/api.w.org\/{rel}","templated":true}]}}